{"id":14372,"date":"2023-11-23T17:48:06","date_gmt":"2023-11-23T16:48:06","guid":{"rendered":"https:\/\/www.cepisilos.com\/blu-donna\/"},"modified":"2023-11-23T18:12:57","modified_gmt":"2023-11-23T17:12:57","slug":"blu-donna","status":"publish","type":"page","link":"https:\/\/www.cepisilos.com\/it\/blu-donna\/","title":{"rendered":"Blu Donna"},"content":{"rendered":"<p><div class=\"fusion-fullwidth fullwidth-box fusion-builder-row-1 nonhundred-percent-fullwidth non-hundred-percent-height-scrolling\" style=\"--awb-border-radius-top-left:0px;--awb-border-radius-top-right:0px;--awb-border-radius-bottom-right:0px;--awb-border-radius-bottom-left:0px;--awb-margin-top:0px;--awb-margin-bottom:0px;--awb-flex-wrap:wrap;\" ><div class=\"fusion-builder-row fusion-row\"><div class=\"fusion-layout-column fusion_builder_column fusion-builder-column-0 fusion_builder_column_1_1 1_1 fusion-one-full fusion-column-first fusion-column-last\" style=\"--awb-bg-size:cover;\"><div class=\"fusion-column-wrapper fusion-column-has-shadow fusion-flex-column-wrapper-legacy\"><div class=\"fusion-image-element in-legacy-container\" style=\"--awb-margin-bottom:30px;--awb-caption-title-font-family:var(--h2_typography-font-family);--awb-caption-title-font-weight:var(--h2_typography-font-weight);--awb-caption-title-font-style:var(--h2_typography-font-style);--awb-caption-title-size:var(--h2_typography-font-size);--awb-caption-title-transform:var(--h2_typography-text-transform);--awb-caption-title-line-height:var(--h2_typography-line-height);--awb-caption-title-letter-spacing:var(--h2_typography-letter-spacing);\"><span class=\" fusion-imageframe imageframe-none imageframe-1 hover-type-none\"><img decoding=\"async\" width=\"1280\" height=\"690\" title=\"header-BLU-DONNA\" src=\"https:\/\/www.cepisilos.com\/wp-content\/uploads\/2023\/11\/header-BLU-DONNA.jpg\" alt class=\"img-responsive wp-image-14356\" srcset=\"https:\/\/www.cepisilos.com\/wp-content\/uploads\/2023\/11\/header-BLU-DONNA-200x108.jpg 200w, https:\/\/www.cepisilos.com\/wp-content\/uploads\/2023\/11\/header-BLU-DONNA-400x216.jpg 400w, https:\/\/www.cepisilos.com\/wp-content\/uploads\/2023\/11\/header-BLU-DONNA-600x323.jpg 600w, https:\/\/www.cepisilos.com\/wp-content\/uploads\/2023\/11\/header-BLU-DONNA-800x431.jpg 800w, https:\/\/www.cepisilos.com\/wp-content\/uploads\/2023\/11\/header-BLU-DONNA-1200x647.jpg 1200w, https:\/\/www.cepisilos.com\/wp-content\/uploads\/2023\/11\/header-BLU-DONNA.jpg 1280w\" sizes=\"(max-width: 800px) 100vw, 1280px\" \/><\/span><\/div><div class=\"fusion-clearfix\"><\/div><\/div><\/div><\/div><\/div><div class=\"fusion-fullwidth fullwidth-box fusion-builder-row-2 nonhundred-percent-fullwidth non-hundred-percent-height-scrolling fusion-equal-height-columns\" style=\"--awb-border-radius-top-left:0px;--awb-border-radius-top-right:0px;--awb-border-radius-bottom-right:0px;--awb-border-radius-bottom-left:0px;--awb-margin-top:0px;--awb-margin-bottom:0px;--awb-flex-wrap:wrap;\" ><div class=\"fusion-builder-row fusion-row\"><div class=\"fusion-layout-column fusion_builder_column fusion-builder-column-1 fusion_builder_column_1_1 1_1 fusion-one-full fusion-column-first fusion-column-last\" style=\"--awb-padding-left:40px;--awb-bg-blend:overlay;--awb-bg-size:cover;\"><div class=\"fusion-column-wrapper fusion-flex-column-wrapper-legacy\"><div class=\"fusion-text fusion-text-1\"><p>CEPI riconosce le numerose barriere alla parit\u00e0 che le donne affrontano dentro e fuori dal luogo di lavoro, e la loro difficolt\u00e0 nel conciliare lavoro e vita personale, spesso provocando un doppio carico. <\/p>\n<p>Crediamo che il benessere, la sicurezza e l\u2019empowerment delle nostre dipendenti donne siano una nostra responsabilit\u00e0. Ci impegniamo a garantir loro parit\u00e0 retributiva e la nostra politica \u00e8 da sempre quella di venire incontro alle loro esigenze con flessibilit\u00e0 e comprensione.<\/p>\n<p>Nel 2017, le socie Sandra Ceccarelli e Stefania Montalti hanno avviato BLU DONNA, un programma di welfare parallelo per le nostre dipendenti donne volto a facilitare la conciliazione tra lavoro e vita personale. Abbiamo scelto di mettere a loro disposizione risorse che possano alleviare il loro carico di lavoro, e in questo modo, consentir loro di prendersi cura di se stesse, nel modo che preferiscono:<\/p>\n<ul>\n<li>Servizi di assistenza sanitaria<\/li>\n<li>Servizi per la casa come pulizia e lavanderia<\/li>\n<li>Strumenti per la cura di s\u00e9 come pacchetti Spa e prodotti per la cura personale naturali e sostenibili<\/li>\n<li>Beni sostenibili come sciarpe fatte a mano e fiori conservati provenienti da laboratori e negozi che impiegano persone appartenenti a gruppi vulnerabili, o mirano ad avere un impatto positivo sull&#8217;ambiente e sulla nostra comunit\u00e0<\/li>\n<\/ul>\n<p>Come nel nostro programma di welfare generale, tutti i servizi sono forniti da una rete di partner locali e in collaborazione con il<a href=\"https:\/\/www.cssforli.it\/\"> Consorzio Solidariet\u00e0 Sociale<\/a>, realt\u00e0 locale del Terzo Settore.<\/p>\n<\/div><div class=\"fusion-clearfix\"><\/div><\/div><\/div><\/div><\/div><div class=\"fusion-fullwidth fullwidth-box fusion-builder-row-3 nonhundred-percent-fullwidth non-hundred-percent-height-scrolling\" style=\"--awb-border-radius-top-left:0px;--awb-border-radius-top-right:0px;--awb-border-radius-bottom-right:0px;--awb-border-radius-bottom-left:0px;--awb-padding-top:40px;--awb-padding-bottom:40px;--awb-background-color:#8da7c1;--awb-flex-wrap:wrap;\" id=\"cta_home\" ><div class=\"fusion-builder-row fusion-row\"><div class=\"fusion-layout-column fusion_builder_column fusion-builder-column-2 fusion_builder_column_1_2 1_2 fusion-one-half fusion-column-first cta-text\" style=\"--awb-bg-blend:overlay;--awb-bg-size:cover;--awb-margin-bottom:0px;width:50%;width:calc(50% - ( ( 4% ) * 0.5 ) );margin-right: 4%;\"><div class=\"fusion-column-wrapper fusion-flex-column-wrapper-legacy\"><div class=\"fusion-column-content-centered\"><div class=\"fusion-column-content\"><div class=\"fusion-title title fusion-title-1 fusion-sep-none fusion-title-text fusion-title-size-two cta-text\"><h2 class=\"fusion-title-heading title-heading-right fusion-responsive-typography-calculated\" style=\"margin:0;--fontSize:24;line-height:1.4;\">per maggiori informazioni<\/h2><\/div><\/div><\/div><div class=\"fusion-clearfix\"><\/div><\/div><\/div><div class=\"fusion-layout-column fusion_builder_column fusion-builder-column-3 fusion_builder_column_1_2 1_2 fusion-one-half fusion-column-last\" style=\"--awb-bg-blend:overlay;--awb-bg-size:cover;--awb-margin-bottom:0px;width:50%;width:calc(50% - ( ( 4% ) * 0.5 ) );\"><div class=\"fusion-column-wrapper fusion-flex-column-wrapper-legacy\"><div class=\"fusion-column-content-centered\"><div class=\"fusion-column-content\"><div class=\"fusion-alignleft\"><a class=\"fusion-button button-flat button-xlarge button-default fusion-button-default button-1 fusion-button-default-span fusion-button-default-type\" style=\"--button_bevel_color:#7294b2;\" target=\"_self\" title=\"CONTACT US\" aria-label=\"CONTACT US\" href=\"https:\/\/www.cepisilos.com\/contact\/\"><span class=\"fusion-button-text\">CONTATTACI<\/span><\/a><\/div><\/div><\/div><div class=\"fusion-clearfix\"><\/div><\/div><\/div><\/div><\/div><\/p>\n","protected":false},"excerpt":{"rendered":"<p>Care, listen, give back: what welfare means in CEPI<\/p>\n","protected":false},"author":2,"featured_media":0,"parent":0,"menu_order":2,"comment_status":"closed","ping_status":"closed","template":"100-width.php","meta":{"content-type":"","footnotes":""},"class_list":["post-14372","page","type-page","status-publish","hentry"],"yoast_head":"<!-- This site is optimized with the Yoast SEO plugin v23.8 - https:\/\/yoast.com\/wordpress\/plugins\/seo\/ -->\n<title>Blu Donna - Cepi<\/title>\n<meta name=\"description\" content=\"We want our employees to feel safe and cared for, free to express themselves and their needs. We believe it is our duty to protect their physical and mental health, and to provide the resources that will allow them to do their best work. Creating welfare for our employees means take responsibility for the quality of their life not only in the workplace, but at home as well. We have committed to provide them with access to services that will improve their wellbeing and that of their family and closed ones.\" \/>\n<meta name=\"robots\" content=\"index, follow, max-snippet:-1, max-image-preview:large, max-video-preview:-1\" \/>\n<link rel=\"canonical\" href=\"https:\/\/www.cepisilos.com\/it\/blu-donna\/\" \/>\n<meta property=\"og:locale\" content=\"it_IT\" \/>\n<meta property=\"og:type\" content=\"article\" \/>\n<meta property=\"og:title\" content=\"Blu Donna - Cepi\" \/>\n<meta property=\"og:description\" content=\"We want our employees to feel safe and cared for, free to express themselves and their needs. We believe it is our duty to protect their physical and mental health, and to provide the resources that will allow them to do their best work. Creating welfare for our employees means take responsibility for the quality of their life not only in the workplace, but at home as well. We have committed to provide them with access to services that will improve their wellbeing and that of their family and closed ones.\" \/>\n<meta property=\"og:url\" content=\"https:\/\/www.cepisilos.com\/it\/blu-donna\/\" \/>\n<meta property=\"og:site_name\" content=\"Cepi\" \/>\n<meta property=\"article:modified_time\" content=\"2023-11-23T17:12:57+00:00\" \/>\n<meta name=\"twitter:card\" content=\"summary_large_image\" \/>\n<meta name=\"twitter:label1\" content=\"Tempo di lettura stimato\" \/>\n\t<meta name=\"twitter:data1\" content=\"6 minuti\" \/>\n<script type=\"application\/ld+json\" class=\"yoast-schema-graph\">{\"@context\":\"https:\/\/schema.org\",\"@graph\":[{\"@type\":\"WebPage\",\"@id\":\"https:\/\/www.cepisilos.com\/it\/blu-donna\/\",\"url\":\"https:\/\/www.cepisilos.com\/it\/blu-donna\/\",\"name\":\"Blu Donna - Cepi\",\"isPartOf\":{\"@id\":\"https:\/\/www.cepisilos.com\/it\/#website\"},\"datePublished\":\"2023-11-23T16:48:06+00:00\",\"dateModified\":\"2023-11-23T17:12:57+00:00\",\"description\":\"We want our employees to feel safe and cared for, free to express themselves and their needs. We believe it is our duty to protect their physical and mental health, and to provide the resources that will allow them to do their best work. Creating welfare for our employees means take responsibility for the quality of their life not only in the workplace, but at home as well. We have committed to provide them with access to services that will improve their wellbeing and that of their family and closed ones.\",\"breadcrumb\":{\"@id\":\"https:\/\/www.cepisilos.com\/it\/blu-donna\/#breadcrumb\"},\"inLanguage\":\"it-IT\",\"potentialAction\":[{\"@type\":\"ReadAction\",\"target\":[\"https:\/\/www.cepisilos.com\/it\/blu-donna\/\"]}]},{\"@type\":\"BreadcrumbList\",\"@id\":\"https:\/\/www.cepisilos.com\/it\/blu-donna\/#breadcrumb\",\"itemListElement\":[{\"@type\":\"ListItem\",\"position\":1,\"name\":\"Home\",\"item\":\"https:\/\/www.cepisilos.com\/it\/\"},{\"@type\":\"ListItem\",\"position\":2,\"name\":\"Blu Donna\"}]},{\"@type\":\"WebSite\",\"@id\":\"https:\/\/www.cepisilos.com\/it\/#website\",\"url\":\"https:\/\/www.cepisilos.com\/it\/\",\"name\":\"Cepi Silos Spa\",\"description\":\"Heart of Technology\",\"potentialAction\":[{\"@type\":\"SearchAction\",\"target\":{\"@type\":\"EntryPoint\",\"urlTemplate\":\"https:\/\/www.cepisilos.com\/it\/?s={search_term_string}\"},\"query-input\":{\"@type\":\"PropertyValueSpecification\",\"valueRequired\":true,\"valueName\":\"search_term_string\"}}],\"inLanguage\":\"it-IT\"}]}<\/script>\n<!-- \/ Yoast SEO plugin. -->","yoast_head_json":{"title":"Blu Donna - Cepi","description":"We want our employees to feel safe and cared for, free to express themselves and their needs. We believe it is our duty to protect their physical and mental health, and to provide the resources that will allow them to do their best work. Creating welfare for our employees means take responsibility for the quality of their life not only in the workplace, but at home as well. We have committed to provide them with access to services that will improve their wellbeing and that of their family and closed ones.","robots":{"index":"index","follow":"follow","max-snippet":"max-snippet:-1","max-image-preview":"max-image-preview:large","max-video-preview":"max-video-preview:-1"},"canonical":"https:\/\/www.cepisilos.com\/it\/blu-donna\/","og_locale":"it_IT","og_type":"article","og_title":"Blu Donna - Cepi","og_description":"We want our employees to feel safe and cared for, free to express themselves and their needs. We believe it is our duty to protect their physical and mental health, and to provide the resources that will allow them to do their best work. Creating welfare for our employees means take responsibility for the quality of their life not only in the workplace, but at home as well. We have committed to provide them with access to services that will improve their wellbeing and that of their family and closed ones.","og_url":"https:\/\/www.cepisilos.com\/it\/blu-donna\/","og_site_name":"Cepi","article_modified_time":"2023-11-23T17:12:57+00:00","twitter_card":"summary_large_image","twitter_misc":{"Tempo di lettura stimato":"6 minuti"},"schema":{"@context":"https:\/\/schema.org","@graph":[{"@type":"WebPage","@id":"https:\/\/www.cepisilos.com\/it\/blu-donna\/","url":"https:\/\/www.cepisilos.com\/it\/blu-donna\/","name":"Blu Donna - Cepi","isPartOf":{"@id":"https:\/\/www.cepisilos.com\/it\/#website"},"datePublished":"2023-11-23T16:48:06+00:00","dateModified":"2023-11-23T17:12:57+00:00","description":"We want our employees to feel safe and cared for, free to express themselves and their needs. We believe it is our duty to protect their physical and mental health, and to provide the resources that will allow them to do their best work. Creating welfare for our employees means take responsibility for the quality of their life not only in the workplace, but at home as well. We have committed to provide them with access to services that will improve their wellbeing and that of their family and closed ones.","breadcrumb":{"@id":"https:\/\/www.cepisilos.com\/it\/blu-donna\/#breadcrumb"},"inLanguage":"it-IT","potentialAction":[{"@type":"ReadAction","target":["https:\/\/www.cepisilos.com\/it\/blu-donna\/"]}]},{"@type":"BreadcrumbList","@id":"https:\/\/www.cepisilos.com\/it\/blu-donna\/#breadcrumb","itemListElement":[{"@type":"ListItem","position":1,"name":"Home","item":"https:\/\/www.cepisilos.com\/it\/"},{"@type":"ListItem","position":2,"name":"Blu Donna"}]},{"@type":"WebSite","@id":"https:\/\/www.cepisilos.com\/it\/#website","url":"https:\/\/www.cepisilos.com\/it\/","name":"Cepi Silos Spa","description":"Heart of Technology","potentialAction":[{"@type":"SearchAction","target":{"@type":"EntryPoint","urlTemplate":"https:\/\/www.cepisilos.com\/it\/?s={search_term_string}"},"query-input":{"@type":"PropertyValueSpecification","valueRequired":true,"valueName":"search_term_string"}}],"inLanguage":"it-IT"}]}},"_links":{"self":[{"href":"https:\/\/www.cepisilos.com\/it\/wp-json\/wp\/v2\/pages\/14372"}],"collection":[{"href":"https:\/\/www.cepisilos.com\/it\/wp-json\/wp\/v2\/pages"}],"about":[{"href":"https:\/\/www.cepisilos.com\/it\/wp-json\/wp\/v2\/types\/page"}],"author":[{"embeddable":true,"href":"https:\/\/www.cepisilos.com\/it\/wp-json\/wp\/v2\/users\/2"}],"replies":[{"embeddable":true,"href":"https:\/\/www.cepisilos.com\/it\/wp-json\/wp\/v2\/comments?post=14372"}],"version-history":[{"count":3,"href":"https:\/\/www.cepisilos.com\/it\/wp-json\/wp\/v2\/pages\/14372\/revisions"}],"predecessor-version":[{"id":14376,"href":"https:\/\/www.cepisilos.com\/it\/wp-json\/wp\/v2\/pages\/14372\/revisions\/14376"}],"wp:attachment":[{"href":"https:\/\/www.cepisilos.com\/it\/wp-json\/wp\/v2\/media?parent=14372"}],"curies":[{"name":"wp","href":"https:\/\/api.w.org\/{rel}","templated":true}]}}