{"id":1516,"date":"2019-06-12T08:03:13","date_gmt":"2019-06-12T06:03:13","guid":{"rendered":"https:\/\/www.cepisilos.com\/mercati\/beverages\/"},"modified":"2019-09-09T11:51:33","modified_gmt":"2019-09-09T09:51:33","slug":"bevande","status":"publish","type":"page","link":"https:\/\/www.cepisilos.com\/it\/mercati\/bevande\/","title":{"rendered":"Bevande"},"content":{"rendered":"<p><div class=\"fusion-fullwidth fullwidth-box fusion-builder-row-1 nonhundred-percent-fullwidth non-hundred-percent-height-scrolling fusion-equal-height-columns\" style=\"--awb-border-radius-top-left:0px;--awb-border-radius-top-right:0px;--awb-border-radius-bottom-right:0px;--awb-border-radius-bottom-left:0px;--awb-margin-bottom:50px;--awb-flex-wrap:wrap;\" ><div class=\"fusion-builder-row fusion-row\"><div class=\"fusion-layout-column fusion_builder_column fusion-builder-column-0 fusion_builder_column_1_2 1_2 fusion-one-half fusion-column-first\" style=\"--awb-bg-size:cover;width:50%;width:calc(50% - ( ( 4% ) * 0.5 ) );margin-right: 4%;\"><div class=\"fusion-column-wrapper fusion-flex-column-wrapper-legacy\"><div class=\"fusion-title title fusion-title-1 fusion-sep-none fusion-title-text fusion-title-size-two\"><h2 class=\"fusion-title-heading title-heading-left fusion-responsive-typography-calculated\" style=\"margin:0;--fontSize:24;line-height:1.4;\">Caff\u00e8<\/h2><\/div><div class=\"fusion-text fusion-text-1\"><p style=\"font-size: 18px;\">Stoccaggio igienico macro e micro e dosaggio automatizzato di caff\u00e8 in grani sia fresco che tostato e caff\u00e8 in polvere.<\/p>\n<p>I silos possono essere attrezzati con sistemi di isolamento, climatizzazione, deumidificazione e caricati direttamente dal camion, o da altri silos, o da stazioni vuotasacchi e vuota big bag. Estrazione automatizzata singola o multipla e fluidificazione per una corretta gestione FIFO. Sistemi centralizzati di raffreddamento farina per un raggiungimento graduale della temperatura impostata. Sistemi di setacciatura per garantire la sicurezza alimentare delle operazioni. Stazioni completamente automatizzate per lo stoccaggio e dosaggio ad alta precisione di micro ingredienti.<\/p>\n<p>Pesatura in tempo reale di tutti i silos e le stazioni di dosaggio. Gestione di tutte le operazioni attraverso touch panel completamente integrati per il controllo di produzione, carico, lavaggio, climatizzazione e manutenzione delle utenze, e software di tracciabilit\u00e0. Tutti i macchinari sono conformi alla direttiva ATEX. Soluzioni personalizzate per qualunque ingrediente richieda un trattamento speciale.<\/p>\n<\/div><div class=\"fusion-sep-clear\"><\/div><div class=\"fusion-separator fusion-full-width-sep\" style=\"margin-left: auto;margin-right: auto;margin-top:10px;margin-bottom:10px;width:100%;\"><\/div><div class=\"fusion-sep-clear\"><\/div><div class=\"fusion-text fusion-text-2\"><p><a href=\"https:\/\/www.cepisilos.com\/it\/stoccaggio-solidi-liquidi\/globosilo\/\">Globosilo<\/a>, <a href=\"https:\/\/www.cepisilos.com\/it\/stoccaggio-solidi-liquidi\/silbox\/\">Silbox<\/a>, <a href=\"https:\/\/www.cepisilos.com\/it\/stoccaggio-solidi-liquidi\/silsystem\/\">Silsystem<\/a>, <a href=\"https:\/\/www.cepisilos.com\/it\/stoccaggio-solidi-liquidi\/microingredienti\/\">Trimix<\/a>, <a href=\"https:\/\/www.cepisilos.com\/it\/stoccaggio-solidi-liquidi\/vuotasacchi\/\">Vuotasacchi<\/a>, <a href=\"https:\/\/www.cepisilos.com\/it\/stoccaggio-solidi-liquidi\/vuota-big-bag\/\">Vuota big bag<\/a>, <a href=\"https:\/\/www.cepisilos.com\/it\/automazione\/automazione-integrata\/\">Automazione Integrata<\/a>, <a href=\"https:\/\/www.cepisilos.com\/it\/trasporto-dosaggio\/estrazione\/\">Estrazione<\/a>, <a href=\"https:\/\/www.cepisilos.com\/it\/trasporto-dosaggio\/setaccio\/\">Setaccio<\/a>,\u00a0<a href=\"https:\/\/www.cepisilos.com\/it\/trasporto-dosaggio\/trasporto\/\">Trasporto<\/a>, <a href=\"https:\/\/www.cepisilos.com\/it\/trasporto-dosaggio\/dosaggio-e-pesatura\/\">Dosaggio e pesatura<\/a><\/p>\n<\/div><div class=\"fusion-clearfix\"><\/div><\/div><\/div><div class=\"fusion-layout-column fusion_builder_column fusion-builder-column-1 fusion_builder_column_1_2 1_2 fusion-one-half fusion-column-last\" style=\"--awb-bg-size:cover;width:50%;width:calc(50% - ( ( 4% ) * 0.5 ) );\"><div class=\"fusion-column-wrapper fusion-flex-column-wrapper-legacy\"><div class=\"fusion-image-element in-legacy-container\" style=\"--awb-caption-title-font-family:var(--h2_typography-font-family);--awb-caption-title-font-weight:var(--h2_typography-font-weight);--awb-caption-title-font-style:var(--h2_typography-font-style);--awb-caption-title-size:var(--h2_typography-font-size);--awb-caption-title-transform:var(--h2_typography-text-transform);--awb-caption-title-line-height:var(--h2_typography-line-height);--awb-caption-title-letter-spacing:var(--h2_typography-letter-spacing);\"><span class=\" fusion-imageframe imageframe-none imageframe-1 hover-type-none\"><img decoding=\"async\" width=\"3082\" height=\"2052\" title=\"coffee beans\" src=\"https:\/\/www.cepisilos.com\/wp-content\/uploads\/2019\/08\/coffee-1-e1565081165509.jpg\" alt class=\"img-responsive wp-image-1435\"\/><\/span><\/div><div class=\"fusion-clearfix\"><\/div><\/div><\/div><\/div><\/div><div class=\"fusion-fullwidth fullwidth-box fusion-builder-row-2 nonhundred-percent-fullwidth non-hundred-percent-height-scrolling fusion-equal-height-columns\" style=\"--awb-border-radius-top-left:0px;--awb-border-radius-top-right:0px;--awb-border-radius-bottom-right:0px;--awb-border-radius-bottom-left:0px;--awb-margin-bottom:50px;--awb-flex-wrap:wrap;\" ><div class=\"fusion-builder-row fusion-row\"><div class=\"fusion-layout-column fusion_builder_column fusion-builder-column-2 fusion_builder_column_1_2 1_2 fusion-one-half fusion-column-first\" style=\"--awb-bg-size:cover;width:50%;width:calc(50% - ( ( 4% ) * 0.5 ) );margin-right: 4%;\"><div class=\"fusion-column-wrapper fusion-flex-column-wrapper-legacy\"><div class=\"fusion-image-element in-legacy-container\" style=\"--awb-caption-title-font-family:var(--h2_typography-font-family);--awb-caption-title-font-weight:var(--h2_typography-font-weight);--awb-caption-title-font-style:var(--h2_typography-font-style);--awb-caption-title-size:var(--h2_typography-font-size);--awb-caption-title-transform:var(--h2_typography-text-transform);--awb-caption-title-line-height:var(--h2_typography-line-height);--awb-caption-title-letter-spacing:var(--h2_typography-letter-spacing);\"><span class=\" fusion-imageframe imageframe-none imageframe-2 hover-type-none\"><img decoding=\"async\" width=\"4500\" height=\"3004\" title=\"Wooden spoons with dry herbs, flower buds and tea leaves\" src=\"https:\/\/www.cepisilos.com\/wp-content\/uploads\/2019\/08\/tea-e1565081057332.jpg\" alt class=\"img-responsive wp-image-1433\"\/><\/span><\/div><div class=\"fusion-clearfix\"><\/div><\/div><\/div><div class=\"fusion-layout-column fusion_builder_column fusion-builder-column-3 fusion_builder_column_1_2 1_2 fusion-one-half fusion-column-last\" style=\"--awb-bg-size:cover;width:50%;width:calc(50% - ( ( 4% ) * 0.5 ) );\"><div class=\"fusion-column-wrapper fusion-flex-column-wrapper-legacy\"><div class=\"fusion-title title fusion-title-2 fusion-sep-none fusion-title-text fusion-title-size-two\"><h2 class=\"fusion-title-heading title-heading-left fusion-responsive-typography-calculated\" style=\"margin:0;--fontSize:24;line-height:1.4;\">T\u00e8<\/h2><\/div><div class=\"fusion-text fusion-text-3\"><p style=\"font-size: 18px;\">Stoccaggio igienico macro e micro e dosaggio automatizzato di polvere di t\u00e8, camomilla, carcad\u00e8 e infusioni.<\/p>\n<p>I silos possono essere attrezzati con sistemi di isolamento, climatizzazione, deumidificazione e caricati direttamente dal camion, o da altri silos, o da stazioni vuotasacchi e vuota big bag. Estrazione automatizzata singola o multipla e fluidificazione per una corretta gestione FIFO. Sistemi centralizzati di raffreddamento farina per un raggiungimento graduale della temperatura impostata. Sistemi di setacciatura per garantire la sicurezza alimentare delle operazioni. Stazioni completamente automatizzate per lo stoccaggio e dosaggio ad alta precisione di micro ingredienti.<\/p>\n<p>Pesatura in tempo reale di tutti i silos e le stazioni di dosaggio. Gestione di tutte le operazioni attraverso touch panel completamente integrati per il controllo di produzione, carico, lavaggio, climatizzazione e manutenzione delle utenze, e software di tracciabilit\u00e0. Tutti i macchinari sono conformi alla direttiva ATEX. Soluzioni personalizzate per qualunque ingrediente richieda un trattamento speciale.<\/p>\n<\/div><div class=\"fusion-sep-clear\"><\/div><div class=\"fusion-separator fusion-full-width-sep\" style=\"margin-left: auto;margin-right: auto;margin-top:10px;margin-bottom:10px;width:100%;\"><\/div><div class=\"fusion-sep-clear\"><\/div><div class=\"fusion-text fusion-text-4\"><p><a href=\"https:\/\/www.cepisilos.com\/it\/stoccaggio-solidi-liquidi\/globosilo\/\">Globosilo<\/a>, <a href=\"https:\/\/www.cepisilos.com\/it\/stoccaggio-solidi-liquidi\/silbox\/\">Silbox<\/a>, <a href=\"https:\/\/www.cepisilos.com\/it\/stoccaggio-solidi-liquidi\/silsystem\/\">Silsystem<\/a>, <a href=\"https:\/\/www.cepisilos.com\/it\/stoccaggio-solidi-liquidi\/microingredienti\/\">Trimix<\/a>, <a href=\"https:\/\/www.cepisilos.com\/it\/stoccaggio-solidi-liquidi\/vuotasacchi\/\">Vuotasacchi<\/a>, <a href=\"https:\/\/www.cepisilos.com\/it\/stoccaggio-solidi-liquidi\/vuota-big-bag\/\">Vuota big bag<\/a>, <a href=\"https:\/\/www.cepisilos.com\/it\/automazione\/automazione-integrata\/\">Automazione Integrata<\/a>, <a href=\"https:\/\/www.cepisilos.com\/it\/trasporto-dosaggio\/estrazione\/\">Estrazione<\/a>, <a href=\"https:\/\/www.cepisilos.com\/it\/trasporto-dosaggio\/setaccio\/\">Setaccio<\/a>,\u00a0<a href=\"https:\/\/www.cepisilos.com\/it\/trasporto-dosaggio\/trasporto\/\">Trasporto<\/a>, <a href=\"https:\/\/www.cepisilos.com\/it\/trasporto-dosaggio\/dosaggio-e-pesatura\/\">Dosaggio e pesatura<\/a><\/p>\n<\/div><div class=\"fusion-clearfix\"><\/div><\/div><\/div><\/div><\/div><\/p>\n","protected":false},"excerpt":{"rendered":"","protected":false},"author":1,"featured_media":0,"parent":1510,"menu_order":0,"comment_status":"closed","ping_status":"closed","template":"","meta":{"content-type":"","footnotes":""},"class_list":["post-1516","page","type-page","status-publish","hentry"],"yoast_head":"<!-- This site is optimized with the Yoast SEO plugin v23.8 - https:\/\/yoast.com\/wordpress\/plugins\/seo\/ -->\n<title>Mercati, Bevande | Cepi Silos<\/title>\n<meta name=\"description\" content=\"Stoccaggio igienico macro e micro e dosaggio automatizzato di t\u00e8 e caff\u00e8 in grani sia fresco che tostato e caff\u00e8 in polvere.\" \/>\n<meta name=\"robots\" content=\"index, follow, max-snippet:-1, max-image-preview:large, max-video-preview:-1\" \/>\n<link rel=\"canonical\" href=\"https:\/\/www.cepisilos.com\/it\/mercati\/bevande\/\" \/>\n<meta property=\"og:locale\" content=\"it_IT\" \/>\n<meta property=\"og:type\" content=\"article\" \/>\n<meta property=\"og:title\" content=\"Mercati, Bevande | Cepi Silos\" \/>\n<meta property=\"og:description\" content=\"Stoccaggio igienico macro e micro e dosaggio automatizzato di t\u00e8 e caff\u00e8 in grani sia fresco che tostato e caff\u00e8 in polvere.\" \/>\n<meta property=\"og:url\" content=\"https:\/\/www.cepisilos.com\/it\/mercati\/bevande\/\" \/>\n<meta property=\"og:site_name\" content=\"Cepi\" \/>\n<meta property=\"article:modified_time\" content=\"2019-09-09T09:51:33+00:00\" \/>\n<meta name=\"twitter:card\" content=\"summary_large_image\" \/>\n<meta name=\"twitter:label1\" content=\"Tempo di lettura stimato\" \/>\n\t<meta name=\"twitter:data1\" content=\"5 minuti\" \/>\n<script type=\"application\/ld+json\" class=\"yoast-schema-graph\">{\"@context\":\"https:\/\/schema.org\",\"@graph\":[{\"@type\":\"WebPage\",\"@id\":\"https:\/\/www.cepisilos.com\/it\/mercati\/bevande\/\",\"url\":\"https:\/\/www.cepisilos.com\/it\/mercati\/bevande\/\",\"name\":\"Mercati, Bevande | Cepi Silos\",\"isPartOf\":{\"@id\":\"https:\/\/www.cepisilos.com\/it\/#website\"},\"datePublished\":\"2019-06-12T06:03:13+00:00\",\"dateModified\":\"2019-09-09T09:51:33+00:00\",\"description\":\"Stoccaggio igienico macro e micro e dosaggio automatizzato di t\u00e8 e caff\u00e8 in grani sia fresco che tostato e caff\u00e8 in polvere.\",\"breadcrumb\":{\"@id\":\"https:\/\/www.cepisilos.com\/it\/mercati\/bevande\/#breadcrumb\"},\"inLanguage\":\"it-IT\",\"potentialAction\":[{\"@type\":\"ReadAction\",\"target\":[\"https:\/\/www.cepisilos.com\/it\/mercati\/bevande\/\"]}]},{\"@type\":\"BreadcrumbList\",\"@id\":\"https:\/\/www.cepisilos.com\/it\/mercati\/bevande\/#breadcrumb\",\"itemListElement\":[{\"@type\":\"ListItem\",\"position\":1,\"name\":\"Home\",\"item\":\"https:\/\/www.cepisilos.com\/it\/\"},{\"@type\":\"ListItem\",\"position\":2,\"name\":\"Mercati\",\"item\":\"https:\/\/www.cepisilos.com\/it\/mercati\/\"},{\"@type\":\"ListItem\",\"position\":3,\"name\":\"Bevande\"}]},{\"@type\":\"WebSite\",\"@id\":\"https:\/\/www.cepisilos.com\/it\/#website\",\"url\":\"https:\/\/www.cepisilos.com\/it\/\",\"name\":\"Cepi Silos Spa\",\"description\":\"Heart of Technology\",\"potentialAction\":[{\"@type\":\"SearchAction\",\"target\":{\"@type\":\"EntryPoint\",\"urlTemplate\":\"https:\/\/www.cepisilos.com\/it\/?s={search_term_string}\"},\"query-input\":{\"@type\":\"PropertyValueSpecification\",\"valueRequired\":true,\"valueName\":\"search_term_string\"}}],\"inLanguage\":\"it-IT\"}]}<\/script>\n<!-- \/ Yoast SEO plugin. -->","yoast_head_json":{"title":"Mercati, Bevande | Cepi Silos","description":"Stoccaggio igienico macro e micro e dosaggio automatizzato di t\u00e8 e caff\u00e8 in grani sia fresco che tostato e caff\u00e8 in polvere.","robots":{"index":"index","follow":"follow","max-snippet":"max-snippet:-1","max-image-preview":"max-image-preview:large","max-video-preview":"max-video-preview:-1"},"canonical":"https:\/\/www.cepisilos.com\/it\/mercati\/bevande\/","og_locale":"it_IT","og_type":"article","og_title":"Mercati, Bevande | Cepi Silos","og_description":"Stoccaggio igienico macro e micro e dosaggio automatizzato di t\u00e8 e caff\u00e8 in grani sia fresco che tostato e caff\u00e8 in polvere.","og_url":"https:\/\/www.cepisilos.com\/it\/mercati\/bevande\/","og_site_name":"Cepi","article_modified_time":"2019-09-09T09:51:33+00:00","twitter_card":"summary_large_image","twitter_misc":{"Tempo di lettura stimato":"5 minuti"},"schema":{"@context":"https:\/\/schema.org","@graph":[{"@type":"WebPage","@id":"https:\/\/www.cepisilos.com\/it\/mercati\/bevande\/","url":"https:\/\/www.cepisilos.com\/it\/mercati\/bevande\/","name":"Mercati, Bevande | Cepi Silos","isPartOf":{"@id":"https:\/\/www.cepisilos.com\/it\/#website"},"datePublished":"2019-06-12T06:03:13+00:00","dateModified":"2019-09-09T09:51:33+00:00","description":"Stoccaggio igienico macro e micro e dosaggio automatizzato di t\u00e8 e caff\u00e8 in grani sia fresco che tostato e caff\u00e8 in polvere.","breadcrumb":{"@id":"https:\/\/www.cepisilos.com\/it\/mercati\/bevande\/#breadcrumb"},"inLanguage":"it-IT","potentialAction":[{"@type":"ReadAction","target":["https:\/\/www.cepisilos.com\/it\/mercati\/bevande\/"]}]},{"@type":"BreadcrumbList","@id":"https:\/\/www.cepisilos.com\/it\/mercati\/bevande\/#breadcrumb","itemListElement":[{"@type":"ListItem","position":1,"name":"Home","item":"https:\/\/www.cepisilos.com\/it\/"},{"@type":"ListItem","position":2,"name":"Mercati","item":"https:\/\/www.cepisilos.com\/it\/mercati\/"},{"@type":"ListItem","position":3,"name":"Bevande"}]},{"@type":"WebSite","@id":"https:\/\/www.cepisilos.com\/it\/#website","url":"https:\/\/www.cepisilos.com\/it\/","name":"Cepi Silos Spa","description":"Heart of Technology","potentialAction":[{"@type":"SearchAction","target":{"@type":"EntryPoint","urlTemplate":"https:\/\/www.cepisilos.com\/it\/?s={search_term_string}"},"query-input":{"@type":"PropertyValueSpecification","valueRequired":true,"valueName":"search_term_string"}}],"inLanguage":"it-IT"}]}},"_links":{"self":[{"href":"https:\/\/www.cepisilos.com\/it\/wp-json\/wp\/v2\/pages\/1516"}],"collection":[{"href":"https:\/\/www.cepisilos.com\/it\/wp-json\/wp\/v2\/pages"}],"about":[{"href":"https:\/\/www.cepisilos.com\/it\/wp-json\/wp\/v2\/types\/page"}],"author":[{"embeddable":true,"href":"https:\/\/www.cepisilos.com\/it\/wp-json\/wp\/v2\/users\/1"}],"replies":[{"embeddable":true,"href":"https:\/\/www.cepisilos.com\/it\/wp-json\/wp\/v2\/comments?post=1516"}],"version-history":[{"count":0,"href":"https:\/\/www.cepisilos.com\/it\/wp-json\/wp\/v2\/pages\/1516\/revisions"}],"up":[{"embeddable":true,"href":"https:\/\/www.cepisilos.com\/it\/wp-json\/wp\/v2\/pages\/1510"}],"wp:attachment":[{"href":"https:\/\/www.cepisilos.com\/it\/wp-json\/wp\/v2\/media?parent=1516"}],"curies":[{"name":"wp","href":"https:\/\/api.w.org\/{rel}","templated":true}]}}