{"id":16887,"date":"2024-05-09T11:54:56","date_gmt":"2024-05-09T09:54:56","guid":{"rendered":"https:\/\/www.cepisilos.com\/?page_id=16887"},"modified":"2024-05-09T12:01:14","modified_gmt":"2024-05-09T10:01:14","slug":"rete-parita-di-genere","status":"publish","type":"page","link":"https:\/\/www.cepisilos.com\/it\/rete-parita-di-genere\/","title":{"rendered":"Rete"},"content":{"rendered":"<div class=\"fusion-fullwidth fullwidth-box fusion-builder-row-1 fusion-flex-container has-pattern-background has-mask-background nonhundred-percent-fullwidth non-hundred-percent-height-scrolling\" style=\"--awb-border-radius-top-left:0px;--awb-border-radius-top-right:0px;--awb-border-radius-bottom-right:0px;--awb-border-radius-bottom-left:0px;--awb-flex-wrap:wrap;\" ><div class=\"fusion-builder-row fusion-row fusion-flex-align-items-flex-start fusion-flex-content-wrap\" style=\"max-width:1331.2px;margin-left: calc(-4% \/ 2 );margin-right: calc(-4% \/ 2 );\"><div class=\"fusion-layout-column fusion_builder_column fusion-builder-column-0 fusion_builder_column_1_1 1_1 fusion-flex-column\" style=\"--awb-bg-size:cover;--awb-width-large:100%;--awb-margin-top-large:0px;--awb-spacing-right-large:1.92%;--awb-margin-bottom-large:20px;--awb-spacing-left-large:1.92%;--awb-width-medium:100%;--awb-order-medium:0;--awb-spacing-right-medium:1.92%;--awb-spacing-left-medium:1.92%;--awb-width-small:100%;--awb-order-small:0;--awb-spacing-right-small:1.92%;--awb-spacing-left-small:1.92%;\"><div class=\"fusion-column-wrapper fusion-column-has-shadow fusion-flex-justify-content-flex-start fusion-content-layout-column\"><div class=\"fusion-text fusion-text-1\"><p style=\"text-align: center;\">Il <a href=\"https:\/\/www.cepisilos.com\/it\/decalogo-per-la-parita-di-genere\/\">Decalogo per la Parit\u00e0 di Genere<\/a> non \u00e8 solo una dichiarazione di impegno da parte nostra. Lo abbiamo trasmesso ai nostri partner con un invito a sottoscriverlo, al fine di creare un network di sostenitori impegnati sul tema della parit\u00e0 di genere. Siamo convinti che l\u2019impegno collettivo e la sinergia tra le organizzazioni siano fondamentali per una crescita sana e virtuosa. Vogliamo costruire percorsi condivisi coinvolgendo gli attori del nostro territorio, che siano aziende, scuole o organizzazioni non profit.<\/p>\n<p style=\"text-align: center;\">Il Decalogo \u00e8 solo uno degli strumenti che stiamo attivando per coinvolgere i nostri partner nel percorso verso un futuro pi\u00f9 equo e rispettoso. Lavorare insieme \u00e8 necessario per affrontare le grandi sfide della sostenibilit\u00e0, ovvero per prenderci cura delle nostre comunit\u00e0 e del nostro pianeta, assicurando benessere e sicurezza non solo alle generazioni presenti ma anche a quelle future. Senza dubbio, l&#8217;inclusione equa delle donne nella societ\u00e0 e nel lavoro \u00e8 parte imprescindibile di questo grande progetto globale.<\/p>\n<\/div><div class=\"fusion-separator fusion-full-width-sep\" style=\"align-self: center;margin-left: auto;margin-right: auto;margin-top:20px;margin-bottom:40px;width:100%;\"><div class=\"fusion-separator-border sep-single sep-solid\" style=\"--awb-height:20px;--awb-amount:20px;border-color:#e0dede;border-top-width:1px;\"><\/div><\/div><div class=\"fusion-blog-shortcode fusion-blog-shortcode-1 fusion-blog-archive fusion-blog-layout-grid-wrapper fusion-blog-pagination\" style=\"--grid_separator_color:rgba(235,234,234,0);\"><style type=\"text\/css\">.fusion-blog-shortcode-1 .fusion-blog-layout-grid .fusion-post-grid{padding:20px;}.fusion-blog-shortcode-1 .fusion-posts-container{margin-left: -20px !important; margin-right:-20px !important;}<\/style><div class=\"fusion-posts-container fusion-posts-container-pagination fusion-no-meta-info fusion-blog-layout-grid fusion-blog-layout-grid-3 isotope\" data-pages=\"1\" data-grid-col-space=\"40\" style=\"margin: -20px -20px 0;min-height:500px;\"><article id=\"blog-1-post-17646\" class=\"fusion-post-grid post-17646 post type-post status-publish format-link has-post-thumbnail hentry category-bollettino-it category-donne category-news-it category-news-in-home-it category-parita category-sostenibilita-3 category-women-it tag-bollettino-it tag-donne tag-gender-equality-it tag-parita tag-parita-di-genere tag-rete-donne-it tag-women-it post_format-post-format-link\">\n<div class=\"fusion-post-wrapper\" style=\"background-color:rgba(255,255,255,0);border:none;\">\n\n\t\t\t<div class=\"fusion-flexslider flexslider fusion-flexslider-loading fusion-post-slideshow\" style=\"border-color:rgba(235,234,234,0);\">\n\t\t<ul class=\"slides\">\n\t\t\t\n\t\t\t\t\t\t\t\t\t\t\t\t\t\t<li><div  class=\"fusion-image-wrapper\" aria-haspopup=\"true\">\n\t\t\t\t\t\t\t<a href=\"https:\/\/www.cepisilos.com\/it\/parita-di-genere-certificazione\/\" aria-label=\"La parit\u00e0 di genere dei nostri processi \u00e8 stata certificata!\">\n\t\t\t\t\t\t\t<img decoding=\"async\" width=\"800\" height=\"431\" src=\"https:\/\/www.cepisilos.com\/wp-content\/uploads\/2024\/06\/HEADER-it.jpg\" class=\"attachment-full size-full wp-post-image\" alt=\"\" srcset=\"https:\/\/www.cepisilos.com\/wp-content\/uploads\/2024\/06\/HEADER-it-200x108.jpg 200w, https:\/\/www.cepisilos.com\/wp-content\/uploads\/2024\/06\/HEADER-it-400x216.jpg 400w, https:\/\/www.cepisilos.com\/wp-content\/uploads\/2024\/06\/HEADER-it-600x323.jpg 600w, https:\/\/www.cepisilos.com\/wp-content\/uploads\/2024\/06\/HEADER-it.jpg 800w\" sizes=\"(min-width: 2200px) 100vw, (min-width: 824px) 400px, (min-width: 732px) 600px, (min-width: 640px) 732px, \" \/>\t\t\t<\/a>\n\t\t\t\t\t\t\t<\/div>\n<\/li>\n\t\t\t\n\t\t\t\n\t\t\t\t\t\t\t\t\t\t\t\t\t\t\t\t\t\t\t\t\t\t\t\t\t\t\t\t\t\t\t\t\t\t\t\t\t\t\t\t\t\t\t\t\t\t\t\t\t\t\t\t\t\t\t\t\t\t\t\t\t\t\t\t\t\t\t\t<\/ul>\n\t<\/div>\n\t<div class=\"fusion-post-content-wrapper\" style=\"padding:10 25px 0px 25px;\"><div class=\"fusion-post-content post-content\"><h2 class=\"blog-shortcode-post-title entry-title\"><a href=\"https:\/\/www.cepisilos.com\/it\/parita-di-genere-certificazione\/\">La parit\u00e0 di genere dei nostri processi \u00e8 stata certificata!<\/a><\/h2><div class=\"fusion-post-content-container\"><p>A seguito di un'audit tenutosi nelle giornate del 29 e 30 aprile 2024, abbiamo ottenuto la certificazione secondo la norma PdR UNI 125, la Prassi di Riferimento per la parit\u00e0 di genere nelle organizzazioni.<\/p><\/div><\/div><\/div><div class=\"fusion-clearfix\"><\/div><\/div>\n<\/article>\n<article id=\"blog-1-post-16781\" class=\"fusion-post-grid post-16781 post type-post status-publish format-link has-post-thumbnail hentry category-bollettino-it category-donne category-news-it category-news-in-home-it category-parita category-territorio-3 tag-community-it tag-gender-equality-it tag-news tag-rete-donne-it tag-territorio tag-women-it post_format-post-format-link\">\n<div class=\"fusion-post-wrapper\" style=\"background-color:rgba(255,255,255,0);border:none;\">\n\n\t\t\t<div class=\"fusion-flexslider flexslider fusion-flexslider-loading fusion-post-slideshow\" style=\"border-color:rgba(235,234,234,0);\">\n\t\t<ul class=\"slides\">\n\t\t\t\n\t\t\t\t\t\t\t\t\t\t\t\t\t\t<li><div  class=\"fusion-image-wrapper\" aria-haspopup=\"true\">\n\t\t\t\t\t\t\t<a href=\"https:\/\/www.cepisilos.com\/it\/il-centro-donna-di-forli-a-cepi\/\" aria-label=\"Incontro con il Centro Donna di Forl\u00ec\">\n\t\t\t\t\t\t\t<img decoding=\"async\" width=\"1280\" height=\"690\" src=\"https:\/\/www.cepisilos.com\/wp-content\/uploads\/2024\/05\/header-news-3.jpg\" class=\"attachment-full size-full wp-post-image\" alt=\"\" srcset=\"https:\/\/www.cepisilos.com\/wp-content\/uploads\/2024\/05\/header-news-3-200x108.jpg 200w, https:\/\/www.cepisilos.com\/wp-content\/uploads\/2024\/05\/header-news-3-400x216.jpg 400w, https:\/\/www.cepisilos.com\/wp-content\/uploads\/2024\/05\/header-news-3-600x323.jpg 600w, https:\/\/www.cepisilos.com\/wp-content\/uploads\/2024\/05\/header-news-3-800x431.jpg 800w, https:\/\/www.cepisilos.com\/wp-content\/uploads\/2024\/05\/header-news-3-1200x647.jpg 1200w, https:\/\/www.cepisilos.com\/wp-content\/uploads\/2024\/05\/header-news-3.jpg 1280w\" sizes=\"(min-width: 2200px) 100vw, (min-width: 824px) 400px, (min-width: 732px) 600px, (min-width: 640px) 732px, \" \/>\t\t\t<\/a>\n\t\t\t\t\t\t\t<\/div>\n<\/li>\n\t\t\t\n\t\t\t\n\t\t\t\t\t\t\t\t\t\t\t\t\t\t\t\t\t\t\t\t\t\t\t\t\t\t\t\t\t\t\t\t\t\t\t\t\t\t\t\t\t\t\t\t\t\t\t\t\t\t\t\t\t\t\t\t\t\t\t\t\t\t\t\t\t\t\t\t<\/ul>\n\t<\/div>\n\t<div class=\"fusion-post-content-wrapper\" style=\"padding:10 25px 0px 25px;\"><div class=\"fusion-post-content post-content\"><h2 class=\"blog-shortcode-post-title entry-title\"><a href=\"https:\/\/www.cepisilos.com\/it\/il-centro-donna-di-forli-a-cepi\/\">Incontro con il Centro Donna di Forl\u00ec<\/a><\/h2><div class=\"fusion-post-content-container\"><p>Marted\u00ec 23 aprile, presso la\u00a0Sala Mensa\u00a0di\u00a0CEPI, tutti i dipendenti sono stati invitati a partecipare a un incontro di presentazione del\u00a0Centro Donna di Forl\u00ec, organizzato durante un'assemblea sindacale grazie al coordinamento di CGIL.<\/p><\/div><\/div><\/div><div class=\"fusion-clearfix\"><\/div><\/div>\n<\/article>\n<article id=\"blog-1-post-16210\" class=\"fusion-post-grid post-16210 post type-post status-publish format-link has-post-thumbnail hentry category-bollettino-it category-donne category-news-it category-news-in-home-it category-parita category-women-it tag-bollettino-it tag-donne tag-gender-equality-it tag-parita tag-parita-di-genere tag-rete-donne-it tag-women-it post_format-post-format-link\">\n<div class=\"fusion-post-wrapper\" style=\"background-color:rgba(255,255,255,0);border:none;\">\n\n\t\t\t<div class=\"fusion-flexslider flexslider fusion-flexslider-loading fusion-post-slideshow\" style=\"border-color:rgba(235,234,234,0);\">\n\t\t<ul class=\"slides\">\n\t\t\t\n\t\t\t\t\t\t\t\t\t\t\t\t\t\t<li><div  class=\"fusion-image-wrapper\" aria-haspopup=\"true\">\n\t\t\t\t\t\t\t<a href=\"https:\/\/www.cepisilos.com\/it\/decalogo-per-la-parita-di-genere-post\/\" aria-label=\"Decalogo per la Parit\u00e0 di Genere\">\n\t\t\t\t\t\t\t<img decoding=\"async\" width=\"800\" height=\"431\" src=\"https:\/\/www.cepisilos.com\/wp-content\/uploads\/2024\/03\/HEADER-IT-2.jpg\" class=\"attachment-full size-full wp-post-image\" alt=\"\" srcset=\"https:\/\/www.cepisilos.com\/wp-content\/uploads\/2024\/03\/HEADER-IT-2-200x108.jpg 200w, https:\/\/www.cepisilos.com\/wp-content\/uploads\/2024\/03\/HEADER-IT-2-400x216.jpg 400w, https:\/\/www.cepisilos.com\/wp-content\/uploads\/2024\/03\/HEADER-IT-2-600x323.jpg 600w, https:\/\/www.cepisilos.com\/wp-content\/uploads\/2024\/03\/HEADER-IT-2.jpg 800w\" sizes=\"(min-width: 2200px) 100vw, (min-width: 824px) 400px, (min-width: 732px) 600px, (min-width: 640px) 732px, \" \/>\t\t\t<\/a>\n\t\t\t\t\t\t\t<\/div>\n<\/li>\n\t\t\t\n\t\t\t\n\t\t\t\t\t\t\t\t\t\t\t\t\t\t\t\t\t\t\t\t\t\t\t\t\t\t\t\t\t\t\t\t\t\t\t\t\t\t\t\t\t\t\t\t\t\t\t\t\t\t\t\t\t\t\t\t\t\t\t\t\t\t\t\t\t\t\t\t<\/ul>\n\t<\/div>\n\t<div class=\"fusion-post-content-wrapper\" style=\"padding:10 25px 0px 25px;\"><div class=\"fusion-post-content post-content\"><h2 class=\"blog-shortcode-post-title entry-title\"><a href=\"https:\/\/www.cepisilos.com\/it\/decalogo-per-la-parita-di-genere-post\/\">Decalogo per la Parit\u00e0 di Genere<\/a><\/h2><div class=\"fusion-post-content-container\"><p>Il Decalogo per la Parit\u00e0 di Genere \u00e8 il culmine del nostro percorso per promuovere un ambiente lavorativo pi\u00f9 inclusivo e rispettoso.<\/p><\/div><\/div><\/div><div class=\"fusion-clearfix\"><\/div><\/div>\n<\/article>\n<div class=\"fusion-clearfix\"><\/div><\/div><\/div><div class=\"fusion-separator fusion-full-width-sep\" style=\"align-self: center;margin-left: auto;margin-right: auto;width:100%;\"><div class=\"fusion-separator-border sep-single sep-solid\" style=\"--awb-height:20px;--awb-amount:20px;border-color:#e0dede;border-top-width:1px;\"><\/div><\/div><div style=\"text-align:center;\"><a class=\"fusion-button button-flat fusion-button-default-size button-custom fusion-button-default button-1 fusion-button-default-span fusion-button-default-type\" style=\"--button_accent_color:var(--awb-custom_color_1);--button_border_color:var(--awb-custom_color_1);--button_accent_hover_color:#ffffff;--button_border_hover_color:#ffffff;--button_border_width-top:2px;--button_border_width-right:2px;--button_border_width-bottom:2px;--button_border_width-left:2px;--button_gradient_top_color:var(--awb-color1);--button_gradient_bottom_color:var(--awb-color1);--button_gradient_top_color_hover:#005074;--button_gradient_bottom_color_hover:#005074;--button_margin-top:40px;--button_margin-bottom:30px;\" target=\"_self\" href=\"https:\/\/www.cepisilos.com\/it\/parita-di-genere\/\"><i class=\"fa-angle-left fas button-icon-left\" aria-hidden=\"true\"><\/i><span class=\"fusion-button-text\">PARIT\u00c0 DI GENERE<\/span><\/a><\/div>\n\n<\/div><\/div><\/div><\/div>\n","protected":false},"excerpt":{"rendered":"","protected":false},"author":2,"featured_media":16882,"parent":0,"menu_order":0,"comment_status":"closed","ping_status":"closed","template":"","meta":{"content-type":"","footnotes":""},"class_list":["post-16887","page","type-page","status-publish","has-post-thumbnail","hentry"],"yoast_head":"<!-- This site is optimized with the Yoast SEO plugin v23.8 - https:\/\/yoast.com\/wordpress\/plugins\/seo\/ -->\n<title>Rete - Cepi<\/title>\n<meta name=\"robots\" content=\"index, follow, max-snippet:-1, max-image-preview:large, max-video-preview:-1\" \/>\n<link rel=\"canonical\" href=\"https:\/\/www.cepisilos.com\/it\/rete-parita-di-genere\/\" \/>\n<meta property=\"og:locale\" content=\"it_IT\" \/>\n<meta property=\"og:type\" content=\"article\" \/>\n<meta property=\"og:title\" content=\"Rete - Cepi\" \/>\n<meta property=\"og:url\" content=\"https:\/\/www.cepisilos.com\/it\/rete-parita-di-genere\/\" \/>\n<meta property=\"og:site_name\" content=\"Cepi\" \/>\n<meta property=\"article:modified_time\" content=\"2024-05-09T10:01:14+00:00\" \/>\n<meta property=\"og:image\" content=\"https:\/\/www.cepisilos.com\/wp-content\/uploads\/2024\/05\/rete.png\" \/>\n\t<meta property=\"og:image:width\" content=\"1280\" \/>\n\t<meta property=\"og:image:height\" content=\"500\" \/>\n\t<meta property=\"og:image:type\" content=\"image\/png\" \/>\n<meta name=\"twitter:card\" content=\"summary_large_image\" \/>\n<meta name=\"twitter:label1\" content=\"Tempo di lettura stimato\" \/>\n\t<meta name=\"twitter:data1\" content=\"4 minuti\" \/>\n<script type=\"application\/ld+json\" class=\"yoast-schema-graph\">{\"@context\":\"https:\/\/schema.org\",\"@graph\":[{\"@type\":\"WebPage\",\"@id\":\"https:\/\/www.cepisilos.com\/it\/rete-parita-di-genere\/\",\"url\":\"https:\/\/www.cepisilos.com\/it\/rete-parita-di-genere\/\",\"name\":\"Rete - Cepi\",\"isPartOf\":{\"@id\":\"https:\/\/www.cepisilos.com\/it\/#website\"},\"primaryImageOfPage\":{\"@id\":\"https:\/\/www.cepisilos.com\/it\/rete-parita-di-genere\/#primaryimage\"},\"image\":{\"@id\":\"https:\/\/www.cepisilos.com\/it\/rete-parita-di-genere\/#primaryimage\"},\"thumbnailUrl\":\"https:\/\/www.cepisilos.com\/wp-content\/uploads\/2024\/05\/rete.png\",\"datePublished\":\"2024-05-09T09:54:56+00:00\",\"dateModified\":\"2024-05-09T10:01:14+00:00\",\"breadcrumb\":{\"@id\":\"https:\/\/www.cepisilos.com\/it\/rete-parita-di-genere\/#breadcrumb\"},\"inLanguage\":\"it-IT\",\"potentialAction\":[{\"@type\":\"ReadAction\",\"target\":[\"https:\/\/www.cepisilos.com\/it\/rete-parita-di-genere\/\"]}]},{\"@type\":\"ImageObject\",\"inLanguage\":\"it-IT\",\"@id\":\"https:\/\/www.cepisilos.com\/it\/rete-parita-di-genere\/#primaryimage\",\"url\":\"https:\/\/www.cepisilos.com\/wp-content\/uploads\/2024\/05\/rete.png\",\"contentUrl\":\"https:\/\/www.cepisilos.com\/wp-content\/uploads\/2024\/05\/rete.png\",\"width\":1280,\"height\":500},{\"@type\":\"BreadcrumbList\",\"@id\":\"https:\/\/www.cepisilos.com\/it\/rete-parita-di-genere\/#breadcrumb\",\"itemListElement\":[{\"@type\":\"ListItem\",\"position\":1,\"name\":\"Home\",\"item\":\"https:\/\/www.cepisilos.com\/it\/\"},{\"@type\":\"ListItem\",\"position\":2,\"name\":\"Rete\"}]},{\"@type\":\"WebSite\",\"@id\":\"https:\/\/www.cepisilos.com\/it\/#website\",\"url\":\"https:\/\/www.cepisilos.com\/it\/\",\"name\":\"Cepi Silos Spa\",\"description\":\"Heart of Technology\",\"potentialAction\":[{\"@type\":\"SearchAction\",\"target\":{\"@type\":\"EntryPoint\",\"urlTemplate\":\"https:\/\/www.cepisilos.com\/it\/?s={search_term_string}\"},\"query-input\":{\"@type\":\"PropertyValueSpecification\",\"valueRequired\":true,\"valueName\":\"search_term_string\"}}],\"inLanguage\":\"it-IT\"}]}<\/script>\n<!-- \/ Yoast SEO plugin. -->","yoast_head_json":{"title":"Rete - Cepi","robots":{"index":"index","follow":"follow","max-snippet":"max-snippet:-1","max-image-preview":"max-image-preview:large","max-video-preview":"max-video-preview:-1"},"canonical":"https:\/\/www.cepisilos.com\/it\/rete-parita-di-genere\/","og_locale":"it_IT","og_type":"article","og_title":"Rete - Cepi","og_url":"https:\/\/www.cepisilos.com\/it\/rete-parita-di-genere\/","og_site_name":"Cepi","article_modified_time":"2024-05-09T10:01:14+00:00","og_image":[{"width":1280,"height":500,"url":"https:\/\/www.cepisilos.com\/wp-content\/uploads\/2024\/05\/rete.png","type":"image\/png"}],"twitter_card":"summary_large_image","twitter_misc":{"Tempo di lettura stimato":"4 minuti"},"schema":{"@context":"https:\/\/schema.org","@graph":[{"@type":"WebPage","@id":"https:\/\/www.cepisilos.com\/it\/rete-parita-di-genere\/","url":"https:\/\/www.cepisilos.com\/it\/rete-parita-di-genere\/","name":"Rete - Cepi","isPartOf":{"@id":"https:\/\/www.cepisilos.com\/it\/#website"},"primaryImageOfPage":{"@id":"https:\/\/www.cepisilos.com\/it\/rete-parita-di-genere\/#primaryimage"},"image":{"@id":"https:\/\/www.cepisilos.com\/it\/rete-parita-di-genere\/#primaryimage"},"thumbnailUrl":"https:\/\/www.cepisilos.com\/wp-content\/uploads\/2024\/05\/rete.png","datePublished":"2024-05-09T09:54:56+00:00","dateModified":"2024-05-09T10:01:14+00:00","breadcrumb":{"@id":"https:\/\/www.cepisilos.com\/it\/rete-parita-di-genere\/#breadcrumb"},"inLanguage":"it-IT","potentialAction":[{"@type":"ReadAction","target":["https:\/\/www.cepisilos.com\/it\/rete-parita-di-genere\/"]}]},{"@type":"ImageObject","inLanguage":"it-IT","@id":"https:\/\/www.cepisilos.com\/it\/rete-parita-di-genere\/#primaryimage","url":"https:\/\/www.cepisilos.com\/wp-content\/uploads\/2024\/05\/rete.png","contentUrl":"https:\/\/www.cepisilos.com\/wp-content\/uploads\/2024\/05\/rete.png","width":1280,"height":500},{"@type":"BreadcrumbList","@id":"https:\/\/www.cepisilos.com\/it\/rete-parita-di-genere\/#breadcrumb","itemListElement":[{"@type":"ListItem","position":1,"name":"Home","item":"https:\/\/www.cepisilos.com\/it\/"},{"@type":"ListItem","position":2,"name":"Rete"}]},{"@type":"WebSite","@id":"https:\/\/www.cepisilos.com\/it\/#website","url":"https:\/\/www.cepisilos.com\/it\/","name":"Cepi Silos Spa","description":"Heart of Technology","potentialAction":[{"@type":"SearchAction","target":{"@type":"EntryPoint","urlTemplate":"https:\/\/www.cepisilos.com\/it\/?s={search_term_string}"},"query-input":{"@type":"PropertyValueSpecification","valueRequired":true,"valueName":"search_term_string"}}],"inLanguage":"it-IT"}]}},"_links":{"self":[{"href":"https:\/\/www.cepisilos.com\/it\/wp-json\/wp\/v2\/pages\/16887"}],"collection":[{"href":"https:\/\/www.cepisilos.com\/it\/wp-json\/wp\/v2\/pages"}],"about":[{"href":"https:\/\/www.cepisilos.com\/it\/wp-json\/wp\/v2\/types\/page"}],"author":[{"embeddable":true,"href":"https:\/\/www.cepisilos.com\/it\/wp-json\/wp\/v2\/users\/2"}],"replies":[{"embeddable":true,"href":"https:\/\/www.cepisilos.com\/it\/wp-json\/wp\/v2\/comments?post=16887"}],"version-history":[{"count":3,"href":"https:\/\/www.cepisilos.com\/it\/wp-json\/wp\/v2\/pages\/16887\/revisions"}],"predecessor-version":[{"id":16892,"href":"https:\/\/www.cepisilos.com\/it\/wp-json\/wp\/v2\/pages\/16887\/revisions\/16892"}],"wp:featuredmedia":[{"embeddable":true,"href":"https:\/\/www.cepisilos.com\/it\/wp-json\/wp\/v2\/media\/16882"}],"wp:attachment":[{"href":"https:\/\/www.cepisilos.com\/it\/wp-json\/wp\/v2\/media?parent=16887"}],"curies":[{"name":"wp","href":"https:\/\/api.w.org\/{rel}","templated":true}]}}