{"id":17525,"date":"2024-06-12T12:35:26","date_gmt":"2024-06-12T10:35:26","guid":{"rendered":"https:\/\/www.cepisilos.com\/?page_id=17525"},"modified":"2024-10-21T14:31:39","modified_gmt":"2024-10-21T12:31:39","slug":"ricambi","status":"publish","type":"page","link":"https:\/\/www.cepisilos.com\/it\/ricambi\/","title":{"rendered":"Ricambi"},"content":{"rendered":"<p><div class=\"fusion-fullwidth fullwidth-box fusion-builder-row-1 nonhundred-percent-fullwidth non-hundred-percent-height-scrolling\" style=\"--awb-border-radius-top-left:0px;--awb-border-radius-top-right:0px;--awb-border-radius-bottom-right:0px;--awb-border-radius-bottom-left:0px;--awb-flex-wrap:wrap;\" ><div class=\"fusion-builder-row fusion-row\"><div class=\"fusion-layout-column fusion_builder_column fusion-builder-column-0 fusion_builder_column_1_1 1_1 fusion-one-full fusion-column-first fusion-column-last\" style=\"--awb-padding-top:40px;--awb-padding-bottom:20px;--awb-bg-blend:overlay;--awb-bg-size:cover;\"><div class=\"fusion-column-wrapper fusion-flex-column-wrapper-legacy\"><div class=\"fusion-text fusion-text-1\"><h2 class=\"p1 fusion-responsive-typography-calculated\" style=\"text-align: center; --fontsize: 24; line-height: 1.4; --fontSize: 24;\" data-fontsize=\"24\" data-lineheight=\"33.6px\"><span class=\"s1\">Ricambi<\/span><\/h2>\n<h3 class=\"fusion-responsive-typography-calculated\" style=\"text-align: center; --fontsize: 18; line-height: 1.3; --minfontsize: 18; --fontSize: 18; --minFontSize: 18;\" data-fontsize=\"18\" data-lineheight=\"23.4px\"><span style=\"color: #666666; line-height: 28px;\">Per richiedere ricambi compilate il modulo sottostante oppure inviate una mail a <a href=\"mailto:ricambi@cepisilos.com\"><b><u>ricambi@cepisilos.com<\/u><\/b><\/a><br \/>\n<\/span><\/h3>\n<\/div><div class=\"fusion-clearfix\"><\/div><\/div><\/div><div class=\"fusion-layout-column fusion_builder_column fusion-builder-column-1 fusion_builder_column_1_6 1_6 fusion-one-sixth fusion-column-first\" style=\"--awb-padding-bottom:0px;--awb-bg-size:cover;--awb-margin-bottom:0px;width:16.666666666667%;width:calc(16.666666666667% - ( ( 4% + 4% + 4% + 4% + 4% ) * 0.16666666666667 ) );margin-right: 4%;\"><div class=\"fusion-column-wrapper fusion-column-has-shadow fusion-flex-column-wrapper-legacy\"><div class=\"fusion-clearfix\"><\/div><\/div><\/div><div class=\"fusion-layout-column fusion_builder_column fusion-builder-column-2 fusion_builder_column_1_6 1_6 fusion-one-sixth\" style=\"--awb-padding-bottom:20px;--awb-bg-size:cover;width:16.666666666667%;width:calc(16.666666666667% - ( ( 4% + 4% + 4% + 4% + 4% ) * 0.16666666666667 ) );margin-right: 4%;\"><div class=\"fusion-column-wrapper fusion-column-has-shadow fusion-flex-column-wrapper-legacy\"><div class=\"fusion-image-element fusion-image-align-center in-legacy-container\" style=\"text-align:center;--awb-max-width:50px;--awb-caption-title-font-family:var(--h2_typography-font-family);--awb-caption-title-font-weight:var(--h2_typography-font-weight);--awb-caption-title-font-style:var(--h2_typography-font-style);--awb-caption-title-size:var(--h2_typography-font-size);--awb-caption-title-transform:var(--h2_typography-text-transform);--awb-caption-title-line-height:var(--h2_typography-line-height);--awb-caption-title-letter-spacing:var(--h2_typography-letter-spacing);\"><div class=\"imageframe-align-center\"><span class=\" fusion-imageframe imageframe-none imageframe-2 hover-type-none\"><a class=\"fusion-no-lightbox\" href=\"https:\/\/www.cepisilos.com\/spare-parts\/\" target=\"_self\" aria-label=\"EN-300\"><img decoding=\"async\" width=\"300\" height=\"200\" src=\"https:\/\/www.cepisilos.com\/wp-content\/uploads\/2024\/06\/EN-300.jpg\" alt class=\"img-responsive wp-image-17514\" srcset=\"https:\/\/www.cepisilos.com\/wp-content\/uploads\/2024\/06\/EN-300-200x133.jpg 200w, https:\/\/www.cepisilos.com\/wp-content\/uploads\/2024\/06\/EN-300.jpg 300w\" sizes=\"(max-width: 800px) 100vw, 200px\" \/><\/a><\/span><\/div><\/div><div class=\"fusion-clearfix\"><\/div><\/div><\/div><div class=\"fusion-layout-column fusion_builder_column fusion-builder-column-3 fusion_builder_column_1_6 1_6 fusion-one-sixth\" style=\"--awb-padding-bottom:20px;--awb-bg-size:cover;width:16.666666666667%;width:calc(16.666666666667% - ( ( 4% + 4% + 4% + 4% + 4% ) * 0.16666666666667 ) );margin-right: 4%;\"><div class=\"fusion-column-wrapper fusion-column-has-shadow fusion-flex-column-wrapper-legacy\"><div class=\"fusion-image-element fusion-image-align-center in-legacy-container\" style=\"text-align:center;--awb-max-width:50px;--awb-caption-title-font-family:var(--h2_typography-font-family);--awb-caption-title-font-weight:var(--h2_typography-font-weight);--awb-caption-title-font-style:var(--h2_typography-font-style);--awb-caption-title-size:var(--h2_typography-font-size);--awb-caption-title-transform:var(--h2_typography-text-transform);--awb-caption-title-line-height:var(--h2_typography-line-height);--awb-caption-title-letter-spacing:var(--h2_typography-letter-spacing);\"><div class=\"imageframe-align-center\"><span class=\" fusion-imageframe imageframe-none imageframe-3 hover-type-none\"><a class=\"fusion-no-lightbox\" href=\"https:\/\/www.cepisilos.com\/pieces-de-rechange\/\" target=\"_self\" aria-label=\"FR-300\"><img decoding=\"async\" width=\"300\" height=\"200\" src=\"https:\/\/www.cepisilos.com\/wp-content\/uploads\/2024\/06\/FR-300.jpg\" alt class=\"img-responsive wp-image-17516\" srcset=\"https:\/\/www.cepisilos.com\/wp-content\/uploads\/2024\/06\/FR-300-200x133.jpg 200w, https:\/\/www.cepisilos.com\/wp-content\/uploads\/2024\/06\/FR-300.jpg 300w\" sizes=\"(max-width: 800px) 100vw, 200px\" \/><\/a><\/span><\/div><\/div><div class=\"fusion-clearfix\"><\/div><\/div><\/div><div class=\"fusion-layout-column fusion_builder_column fusion-builder-column-4 fusion_builder_column_1_6 1_6 fusion-one-sixth\" style=\"--awb-padding-bottom:20px;--awb-bg-size:cover;width:16.666666666667%;width:calc(16.666666666667% - ( ( 4% + 4% + 4% + 4% + 4% ) * 0.16666666666667 ) );margin-right: 4%;\"><div class=\"fusion-column-wrapper fusion-column-has-shadow fusion-flex-column-wrapper-legacy\"><div class=\"fusion-image-element fusion-image-align-center in-legacy-container\" style=\"text-align:center;--awb-max-width:50px;--awb-caption-title-font-family:var(--h2_typography-font-family);--awb-caption-title-font-weight:var(--h2_typography-font-weight);--awb-caption-title-font-style:var(--h2_typography-font-style);--awb-caption-title-size:var(--h2_typography-font-size);--awb-caption-title-transform:var(--h2_typography-text-transform);--awb-caption-title-line-height:var(--h2_typography-line-height);--awb-caption-title-letter-spacing:var(--h2_typography-letter-spacing);\"><div class=\"imageframe-align-center\"><span class=\" fusion-imageframe imageframe-none imageframe-4 hover-type-none\"><a class=\"fusion-no-lightbox\" href=\"https:\/\/www.cepisilos.com\/ersatzteile\/\" target=\"_self\" aria-label=\"DE-300\"><img decoding=\"async\" width=\"300\" height=\"200\" src=\"https:\/\/www.cepisilos.com\/wp-content\/uploads\/2024\/06\/DE-300.jpg\" alt class=\"img-responsive wp-image-17512\" srcset=\"https:\/\/www.cepisilos.com\/wp-content\/uploads\/2024\/06\/DE-300-200x133.jpg 200w, https:\/\/www.cepisilos.com\/wp-content\/uploads\/2024\/06\/DE-300.jpg 300w\" sizes=\"(max-width: 800px) 100vw, 200px\" \/><\/a><\/span><\/div><\/div><div class=\"fusion-clearfix\"><\/div><\/div><\/div><div class=\"fusion-layout-column fusion_builder_column fusion-builder-column-5 fusion_builder_column_1_6 1_6 fusion-one-sixth\" style=\"--awb-padding-bottom:20px;--awb-bg-size:cover;width:16.666666666667%;width:calc(16.666666666667% - ( ( 4% + 4% + 4% + 4% + 4% ) * 0.16666666666667 ) );margin-right: 4%;\"><div class=\"fusion-column-wrapper fusion-column-has-shadow fusion-flex-column-wrapper-legacy\"><div class=\"fusion-image-element fusion-image-align-center in-legacy-container\" style=\"text-align:center;--awb-max-width:50px;--awb-caption-title-font-family:var(--h2_typography-font-family);--awb-caption-title-font-weight:var(--h2_typography-font-weight);--awb-caption-title-font-style:var(--h2_typography-font-style);--awb-caption-title-size:var(--h2_typography-font-size);--awb-caption-title-transform:var(--h2_typography-text-transform);--awb-caption-title-line-height:var(--h2_typography-line-height);--awb-caption-title-letter-spacing:var(--h2_typography-letter-spacing);\"><div class=\"imageframe-align-center\"><span class=\" fusion-imageframe imageframe-none imageframe-5 hover-type-none\"><a class=\"fusion-no-lightbox\" href=\"https:\/\/www.cepisilos.com\/piezas-de-repuesto\/\" target=\"_self\" aria-label=\"SP-300\"><img decoding=\"async\" width=\"300\" height=\"200\" src=\"https:\/\/www.cepisilos.com\/wp-content\/uploads\/2024\/06\/SP-300.jpg\" alt class=\"img-responsive wp-image-17520\" srcset=\"https:\/\/www.cepisilos.com\/wp-content\/uploads\/2024\/06\/SP-300-200x133.jpg 200w, https:\/\/www.cepisilos.com\/wp-content\/uploads\/2024\/06\/SP-300.jpg 300w\" sizes=\"(max-width: 800px) 100vw, 200px\" \/><\/a><\/span><\/div><\/div><div class=\"fusion-clearfix\"><\/div><\/div><\/div><div class=\"fusion-layout-column fusion_builder_column fusion-builder-column-6 fusion_builder_column_1_6 1_6 fusion-one-sixth fusion-column-last\" style=\"--awb-padding-bottom:0px;--awb-bg-size:cover;--awb-margin-bottom:0px;width:16.666666666667%;width:calc(16.666666666667% - ( ( 4% + 4% + 4% + 4% + 4% ) * 0.16666666666667 ) );\"><div class=\"fusion-column-wrapper fusion-column-has-shadow fusion-flex-column-wrapper-legacy\"><div class=\"fusion-clearfix\"><\/div><\/div><\/div><\/div><\/div><div class=\"fusion-fullwidth fullwidth-box fusion-builder-row-2 nonhundred-percent-fullwidth non-hundred-percent-height-scrolling\" style=\"--awb-border-radius-top-left:0px;--awb-border-radius-top-right:0px;--awb-border-radius-bottom-right:0px;--awb-border-radius-bottom-left:0px;--awb-flex-wrap:wrap;\" ><div class=\"fusion-builder-row fusion-row\"><div class=\"fusion-layout-column fusion_builder_column fusion-builder-column-7 fusion_builder_column_1_1 1_1 fusion-one-full fusion-column-first fusion-column-last\" style=\"--awb-bg-blend:overlay;--awb-bg-size:cover;\"><div class=\"fusion-column-wrapper fusion-flex-column-wrapper-legacy\">\n<div class=\"wpcf7 no-js\" id=\"wpcf7-f17529-o1\" lang=\"en-US\" dir=\"ltr\" data-wpcf7-id=\"17529\">\n<div class=\"screen-reader-response\"><p role=\"status\" aria-live=\"polite\" aria-atomic=\"true\"><\/p> <ul><\/ul><\/div>\n<form action=\"\/it\/wp-json\/wp\/v2\/pages\/17525#wpcf7-f17529-o1\" method=\"post\" class=\"wpcf7-form init\" aria-label=\"Contact form\" enctype=\"multipart\/form-data\" novalidate=\"novalidate\" data-status=\"init\">\n<div style=\"display: none;\">\n<input type=\"hidden\" name=\"_wpcf7\" value=\"17529\" \/>\n<input type=\"hidden\" name=\"_wpcf7_version\" value=\"6.0\" \/>\n<input type=\"hidden\" name=\"_wpcf7_locale\" value=\"en_US\" \/>\n<input type=\"hidden\" name=\"_wpcf7_unit_tag\" value=\"wpcf7-f17529-o1\" \/>\n<input type=\"hidden\" name=\"_wpcf7_container_post\" value=\"0\" \/>\n<input type=\"hidden\" name=\"_wpcf7_posted_data_hash\" value=\"\" \/>\n<\/div>\n<p><label> Azienda<br \/>\n<span class=\"wpcf7-form-control-wrap\" data-name=\"azienda\"><input size=\"40\" maxlength=\"400\" class=\"wpcf7-form-control wpcf7-text\" aria-invalid=\"false\" value=\"\" type=\"text\" name=\"azienda\" \/><\/span> <\/label>\n<\/p>\n<p><label style=\"color: red\"> Numero di commessa (richiesto)<br \/>\n<span class=\"wpcf7-form-control-wrap\" data-name=\"commessa\"><input size=\"40\" maxlength=\"400\" class=\"wpcf7-form-control wpcf7-text wpcf7-validates-as-required\" aria-required=\"true\" aria-invalid=\"false\" value=\"\" type=\"text\" name=\"commessa\" \/><\/span> <\/label><br \/>\n<span class=\"popmake-17836\" style=\"font-size:12px\"><b><u>Come trovarlo<\/u><\/b><\/span>\n<\/p>\n<p><label> Numero di identificazione elettrica<br \/>\n<span class=\"wpcf7-form-control-wrap\" data-name=\"siglaelettrica\"><input size=\"40\" maxlength=\"400\" class=\"wpcf7-form-control wpcf7-text\" aria-invalid=\"false\" value=\"\" type=\"text\" name=\"siglaelettrica\" \/><\/span> <\/label><br \/>\n<span class=\"popmake-17852\" style=\"font-size:12px\"><b><u>Come trovarlo<\/u><\/b><\/span>\n<\/p>\n<p><label> Numero di identificazione del componente o tank<br \/>\n<span class=\"wpcf7-form-control-wrap\" data-name=\"macchinario\"><input size=\"40\" maxlength=\"400\" class=\"wpcf7-form-control wpcf7-text\" aria-invalid=\"false\" value=\"\" type=\"text\" name=\"macchinario\" \/><\/span> <\/label><br \/>\n<span class=\"popmake-17856\" style=\"font-size:12px\"><b><u>Come trovarlo<\/u><\/b><\/span>\n<\/p>\n<p><label> Descrizione del problema<br \/>\n<span class=\"wpcf7-form-control-wrap\" data-name=\"descrizione\"><textarea cols=\"40\" rows=\"10\" maxlength=\"2000\" class=\"wpcf7-form-control wpcf7-textarea\" aria-invalid=\"false\" name=\"descrizione\"><\/textarea><\/span> <\/label>\n<\/p>\n<p><label> Inviaci dwg<br \/>\n<span class=\"wpcf7-form-control-wrap\" data-name=\"file-dwg\"><input size=\"40\" class=\"wpcf7-form-control wpcf7-file\" accept=\".dwg\" aria-invalid=\"false\" type=\"file\" name=\"file-dwg\" \/><\/span><br \/>\n<\/label>\n<\/p>\n<p><label> Inviaci foto<br \/>\n<span class=\"wpcf7-form-control-wrap\" data-name=\"submitpicture\"><input size=\"40\" class=\"wpcf7-form-control wpcf7-drag-n-drop-file d-none\" aria-invalid=\"false\" type=\"file\" multiple=\"multiple\" data-name=\"submitpicture\" data-limit=\"5000000\" data-max=\"5\" data-id=\"17529\" data-version=\"free version 1.3.8.4\" accept=\".\" \/><\/span><br \/>\n<\/label>\n<\/p>\n<p><label> Inviaci video<br \/>\n<span class=\"wpcf7-form-control-wrap\" data-name=\"submitvideo\"><input size=\"40\" class=\"wpcf7-form-control wpcf7-file\" accept=\"audio\/*,video\/*,image\/*\" aria-invalid=\"false\" type=\"file\" name=\"submitvideo\" \/><\/span><\/label>\n<\/p>\n<p><label> Contatto<br \/>\n<span class=\"wpcf7-form-control-wrap\" data-name=\"contatto\"><input size=\"40\" maxlength=\"400\" class=\"wpcf7-form-control wpcf7-text\" aria-invalid=\"false\" value=\"\" type=\"text\" name=\"contatto\" \/><\/span><\/label>\n<\/p>\n<p><label> Email (richiesto)<br \/>\n<span class=\"wpcf7-form-control-wrap\" data-name=\"email\"><input size=\"40\" maxlength=\"400\" class=\"wpcf7-form-control wpcf7-email wpcf7-validates-as-required wpcf7-text wpcf7-validates-as-email\" aria-required=\"true\" aria-invalid=\"false\" value=\"\" type=\"email\" name=\"email\" \/><\/span><\/label>\n<\/p>\n<p><label><span class=\"wpcf7-form-control-wrap\" data-name=\"privacy\"><span class=\"wpcf7-form-control wpcf7-acceptance\"><span class=\"wpcf7-list-item\"><label><input type=\"checkbox\" name=\"privacy\" value=\"1\" aria-invalid=\"false\" \/><span class=\"wpcf7-list-item-label\">In conformit\u00e0 con le norme generali sulla protezione dei dati GDPR, accetti di ricevere informazioni da cepisilos.com. <a href=\"https:\/\/www.cepisilos.com\/it\/privacy-policy\">Privacy Policy<\/a>.<\/span><\/label><\/span><\/span><\/span><\/label>\n<\/p>\n<p><input class=\"wpcf7-form-control wpcf7-submit has-spinner\" type=\"submit\" value=\"Invia richiesta\" \/>\n<\/p><input type='hidden' class='wpcf7-pum' value='{\"closepopup\":false,\"closedelay\":0,\"openpopup\":false,\"openpopup_id\":0}' \/><div class=\"fusion-alert alert custom alert-custom fusion-alert-center wpcf7-response-output awb-alert-native-link-color alert-dismissable awb-alert-close-boxed\" style=\"--awb-border-top-left-radius:0px;--awb-border-top-right-radius:0px;--awb-border-bottom-left-radius:0px;--awb-border-bottom-right-radius:0px;\" role=\"alert\"><div class=\"fusion-alert-content-wrapper\"><span class=\"fusion-alert-content\"><\/span><\/div><button type=\"button\" class=\"close toggle-alert\" data-dismiss=\"alert\" aria-label=\"Close\">&times;<\/button><\/div>\n<\/form>\n<\/div>\n<div class=\"fusion-sep-clear\"><\/div><div class=\"fusion-separator fusion-full-width-sep\" style=\"margin-left: auto;margin-right: auto;margin-top:30px;margin-bottom:30px;width:100%;\"><div class=\"fusion-separator-border sep-single sep-solid\" style=\"--awb-height:20px;--awb-amount:20px;border-color:#e0dede;border-top-width:1px;\"><\/div><\/div><div class=\"fusion-sep-clear\"><\/div><div class=\"fusion-text fusion-text-2\"><p><span style=\"color: var(--awb-custom_color_1);\"><b>IMPORTANTE!<\/b><\/span> <span style=\"color: var(--awb-text-color); font-family: var(--awb-text-font-family); font-size: var(--awb-font-size); font-style: var(--awb-text-font-style); font-weight: var(--awb-text-font-weight); letter-spacing: var(--awb-letter-spacing); text-align: var(--awb-content-alignment); text-transform: var(--awb-text-transform); background-color: var(--awb-bg-color-hover);\">Solo il campo \"Email\" deve essere compilato obbligatoriamente, ma <\/span><span style=\"color: var(--awb-text-color); font-family: var(--awb-text-font-family); font-size: var(--awb-font-size); font-style: var(--awb-text-font-style); font-weight: var(--awb-text-font-weight); letter-spacing: var(--awb-letter-spacing); text-align: var(--awb-content-alignment); text-transform: var(--awb-text-transform); background-color: var(--awb-bg-color-hover);\">se non invierete tutte le informazioni <\/span><span style=\"background-color: var(--awb-bg-color-hover); color: var(--awb-text-color); font-family: var(--awb-text-font-family); font-size: var(--awb-font-size); font-style: var(--awb-text-font-style); font-weight: var(--awb-text-font-weight); letter-spacing: var(--awb-letter-spacing); text-align: var(--awb-content-alignment); text-transform: var(--awb-text-transform);\">ci vorr\u00e0 pi\u00f9 tempo per aiutarvi. In particolare, \u00e8 molto importante che ci inviate il <\/span><span style=\"background-color: var(--awb-bg-color-hover); color: var(--awb-text-color); font-family: var(--awb-text-font-family); font-size: var(--awb-font-size); font-weight: var(--awb-text-font-weight); letter-spacing: var(--awb-letter-spacing); text-align: var(--awb-content-alignment); text-transform: var(--awb-text-transform);\"><i>Numero di Commessa<\/i><\/span><span style=\"background-color: var(--awb-bg-color-hover); color: var(--awb-text-color); font-family: var(--awb-text-font-family); font-size: var(--awb-font-size); font-style: var(--awb-text-font-style); font-weight: var(--awb-text-font-weight); letter-spacing: var(--awb-letter-spacing); text-align: var(--awb-content-alignment); text-transform: var(--awb-text-transform);\"> e il <\/span><span style=\"background-color: var(--awb-bg-color-hover); color: var(--awb-text-color); font-family: var(--awb-text-font-family); font-size: var(--awb-font-size); font-weight: var(--awb-text-font-weight); letter-spacing: var(--awb-letter-spacing); text-align: var(--awb-content-alignment); text-transform: var(--awb-text-transform);\"><i>Numero di Identificazione Elettrica<\/i><\/span><span style=\"background-color: var(--awb-bg-color-hover); color: var(--awb-text-color); font-family: var(--awb-text-font-family); font-size: var(--awb-font-size); font-style: var(--awb-text-font-style); font-weight: var(--awb-text-font-weight); letter-spacing: var(--awb-letter-spacing); text-align: var(--awb-content-alignment); text-transform: var(--awb-text-transform);\">. Cliccate sul link <\/span><span style=\"background-color: var(--awb-bg-color-hover); color: var(--awb-text-color); font-family: var(--awb-text-font-family); font-size: var(--awb-font-size); font-weight: var(--awb-text-font-weight); letter-spacing: var(--awb-letter-spacing); text-align: var(--awb-content-alignment); text-transform: var(--awb-text-transform);\"><i>Come trovarlo <\/i><\/span><span style=\"background-color: var(--awb-bg-color-hover); color: var(--awb-text-color); font-family: var(--awb-text-font-family); font-size: var(--awb-font-size); font-style: var(--awb-text-font-style); font-weight: var(--awb-text-font-weight); letter-spacing: var(--awb-letter-spacing); text-align: var(--awb-content-alignment); text-transform: var(--awb-text-transform);\">sotto ciascun campo per aiuto su dove trovare le informazioni richieste.<\/span><\/p>\n<p>Per qualsiasi problema nella compilazione di questo modulo contattateci via email all'indirizzo <b><a href=\"mailto:ricambi@cepisilos.com\" style=\"text-decoration-line: underline;\">ricambi@cepisilos.com<\/a> <\/b>o telefonicamente al numero +39 0543 940514<\/p>\n<\/div><div class=\"fusion-clearfix\"><\/div><\/div><\/div><\/div><\/div><\/p>\n","protected":false},"excerpt":{"rendered":"","protected":false},"author":2,"featured_media":0,"parent":0,"menu_order":0,"comment_status":"closed","ping_status":"closed","template":"100-width.php","meta":{"content-type":"","footnotes":""},"class_list":["post-17525","page","type-page","status-publish","hentry"],"yoast_head":"<!-- This site is optimized with the Yoast SEO plugin v23.8 - https:\/\/yoast.com\/wordpress\/plugins\/seo\/ -->\n<title>Ricambi - Cepi<\/title>\n<meta name=\"robots\" content=\"index, follow, max-snippet:-1, max-image-preview:large, max-video-preview:-1\" \/>\n<link rel=\"canonical\" href=\"https:\/\/www.cepisilos.com\/it\/ricambi\/\" \/>\n<meta property=\"og:locale\" content=\"it_IT\" \/>\n<meta property=\"og:type\" content=\"article\" \/>\n<meta property=\"og:title\" content=\"Ricambi - Cepi\" \/>\n<meta property=\"og:url\" content=\"https:\/\/www.cepisilos.com\/it\/ricambi\/\" \/>\n<meta property=\"og:site_name\" content=\"Cepi\" \/>\n<meta property=\"article:modified_time\" content=\"2024-10-21T12:31:39+00:00\" \/>\n<meta name=\"twitter:card\" content=\"summary_large_image\" \/>\n<meta name=\"twitter:label1\" content=\"Tempo di lettura stimato\" \/>\n\t<meta name=\"twitter:data1\" content=\"14 minuti\" \/>\n<script type=\"application\/ld+json\" class=\"yoast-schema-graph\">{\"@context\":\"https:\/\/schema.org\",\"@graph\":[{\"@type\":\"WebPage\",\"@id\":\"https:\/\/www.cepisilos.com\/it\/ricambi\/\",\"url\":\"https:\/\/www.cepisilos.com\/it\/ricambi\/\",\"name\":\"Ricambi - Cepi\",\"isPartOf\":{\"@id\":\"https:\/\/www.cepisilos.com\/it\/#website\"},\"datePublished\":\"2024-06-12T10:35:26+00:00\",\"dateModified\":\"2024-10-21T12:31:39+00:00\",\"breadcrumb\":{\"@id\":\"https:\/\/www.cepisilos.com\/it\/ricambi\/#breadcrumb\"},\"inLanguage\":\"it-IT\",\"potentialAction\":[{\"@type\":\"ReadAction\",\"target\":[\"https:\/\/www.cepisilos.com\/it\/ricambi\/\"]}]},{\"@type\":\"BreadcrumbList\",\"@id\":\"https:\/\/www.cepisilos.com\/it\/ricambi\/#breadcrumb\",\"itemListElement\":[{\"@type\":\"ListItem\",\"position\":1,\"name\":\"Home\",\"item\":\"https:\/\/www.cepisilos.com\/it\/\"},{\"@type\":\"ListItem\",\"position\":2,\"name\":\"Ricambi\"}]},{\"@type\":\"WebSite\",\"@id\":\"https:\/\/www.cepisilos.com\/it\/#website\",\"url\":\"https:\/\/www.cepisilos.com\/it\/\",\"name\":\"Cepi Silos Spa\",\"description\":\"Heart of Technology\",\"potentialAction\":[{\"@type\":\"SearchAction\",\"target\":{\"@type\":\"EntryPoint\",\"urlTemplate\":\"https:\/\/www.cepisilos.com\/it\/?s={search_term_string}\"},\"query-input\":{\"@type\":\"PropertyValueSpecification\",\"valueRequired\":true,\"valueName\":\"search_term_string\"}}],\"inLanguage\":\"it-IT\"}]}<\/script>\n<!-- \/ Yoast SEO plugin. -->","yoast_head_json":{"title":"Ricambi - Cepi","robots":{"index":"index","follow":"follow","max-snippet":"max-snippet:-1","max-image-preview":"max-image-preview:large","max-video-preview":"max-video-preview:-1"},"canonical":"https:\/\/www.cepisilos.com\/it\/ricambi\/","og_locale":"it_IT","og_type":"article","og_title":"Ricambi - Cepi","og_url":"https:\/\/www.cepisilos.com\/it\/ricambi\/","og_site_name":"Cepi","article_modified_time":"2024-10-21T12:31:39+00:00","twitter_card":"summary_large_image","twitter_misc":{"Tempo di lettura stimato":"14 minuti"},"schema":{"@context":"https:\/\/schema.org","@graph":[{"@type":"WebPage","@id":"https:\/\/www.cepisilos.com\/it\/ricambi\/","url":"https:\/\/www.cepisilos.com\/it\/ricambi\/","name":"Ricambi - Cepi","isPartOf":{"@id":"https:\/\/www.cepisilos.com\/it\/#website"},"datePublished":"2024-06-12T10:35:26+00:00","dateModified":"2024-10-21T12:31:39+00:00","breadcrumb":{"@id":"https:\/\/www.cepisilos.com\/it\/ricambi\/#breadcrumb"},"inLanguage":"it-IT","potentialAction":[{"@type":"ReadAction","target":["https:\/\/www.cepisilos.com\/it\/ricambi\/"]}]},{"@type":"BreadcrumbList","@id":"https:\/\/www.cepisilos.com\/it\/ricambi\/#breadcrumb","itemListElement":[{"@type":"ListItem","position":1,"name":"Home","item":"https:\/\/www.cepisilos.com\/it\/"},{"@type":"ListItem","position":2,"name":"Ricambi"}]},{"@type":"WebSite","@id":"https:\/\/www.cepisilos.com\/it\/#website","url":"https:\/\/www.cepisilos.com\/it\/","name":"Cepi Silos Spa","description":"Heart of Technology","potentialAction":[{"@type":"SearchAction","target":{"@type":"EntryPoint","urlTemplate":"https:\/\/www.cepisilos.com\/it\/?s={search_term_string}"},"query-input":{"@type":"PropertyValueSpecification","valueRequired":true,"valueName":"search_term_string"}}],"inLanguage":"it-IT"}]}},"_links":{"self":[{"href":"https:\/\/www.cepisilos.com\/it\/wp-json\/wp\/v2\/pages\/17525"}],"collection":[{"href":"https:\/\/www.cepisilos.com\/it\/wp-json\/wp\/v2\/pages"}],"about":[{"href":"https:\/\/www.cepisilos.com\/it\/wp-json\/wp\/v2\/types\/page"}],"author":[{"embeddable":true,"href":"https:\/\/www.cepisilos.com\/it\/wp-json\/wp\/v2\/users\/2"}],"replies":[{"embeddable":true,"href":"https:\/\/www.cepisilos.com\/it\/wp-json\/wp\/v2\/comments?post=17525"}],"version-history":[{"count":3,"href":"https:\/\/www.cepisilos.com\/it\/wp-json\/wp\/v2\/pages\/17525\/revisions"}],"predecessor-version":[{"id":18505,"href":"https:\/\/www.cepisilos.com\/it\/wp-json\/wp\/v2\/pages\/17525\/revisions\/18505"}],"wp:attachment":[{"href":"https:\/\/www.cepisilos.com\/it\/wp-json\/wp\/v2\/media?parent=17525"}],"curies":[{"name":"wp","href":"https:\/\/api.w.org\/{rel}","templated":true}]}}