{"id":19301,"date":"2024-12-20T12:38:30","date_gmt":"2024-12-20T11:38:30","guid":{"rendered":"https:\/\/www.cepisilos.com\/?page_id=19301"},"modified":"2025-10-22T19:44:36","modified_gmt":"2025-10-22T17:44:36","slug":"the-beat-has-started","status":"publish","type":"page","link":"https:\/\/www.cepisilos.com\/it\/the-beat-has-started\/","title":{"rendered":"The beat has started"},"content":{"rendered":"<p><div class=\"fusion-fullwidth fullwidth-box fusion-builder-row-1 fusion-flex-container has-pattern-background has-mask-background nonhundred-percent-fullwidth non-hundred-percent-height-scrolling\" style=\"--awb-border-radius-top-left:0px;--awb-border-radius-top-right:0px;--awb-border-radius-bottom-right:0px;--awb-border-radius-bottom-left:0px;--awb-flex-wrap:wrap;\" ><div class=\"fusion-builder-row fusion-row fusion-flex-align-items-flex-start fusion-flex-content-wrap\" style=\"max-width:1331.2px;margin-left: calc(-4% \/ 2 );margin-right: calc(-4% \/ 2 );\"><div class=\"fusion-layout-column fusion_builder_column fusion-builder-column-0 fusion_builder_column_1_1 1_1 fusion-flex-column\" style=\"--awb-bg-size:cover;--awb-width-large:100%;--awb-margin-top-large:0px;--awb-spacing-right-large:1.92%;--awb-margin-bottom-large:20px;--awb-spacing-left-large:1.92%;--awb-width-medium:100%;--awb-order-medium:0;--awb-spacing-right-medium:1.92%;--awb-spacing-left-medium:1.92%;--awb-width-small:100%;--awb-order-small:0;--awb-spacing-right-small:1.92%;--awb-spacing-left-small:1.92%;\"><div class=\"fusion-column-wrapper fusion-column-has-shadow fusion-flex-justify-content-flex-start fusion-content-layout-column\"><div class=\"fusion-video fusion-selfhosted-video\" style=\"max-width:100%;\"><div class=\"video-wrapper\"><video playsinline=\"true\" width=\"100%\" style=\"object-fit: cover;\" autoplay=\"true\" loop=\"true\" poster=\"https:\/\/www.cepisilos.com\/wp-content\/uploads\/2025\/05\/vid-preview-en.png\" preload=\"auto\" controls=\"1\"><source src=\"https:\/\/www.cepisilos.com\/wp-content\/uploads\/2025\/05\/CEPI-ITA-720-1.mp4\" type=\"video\/mp4\">Sorry, your browser doesn&#039;t support embedded videos.<\/video><\/div><\/div><\/div><\/div><\/div><\/div><div class=\"fusion-fullwidth fullwidth-box fusion-builder-row-2 fusion-flex-container has-pattern-background has-mask-background nonhundred-percent-fullwidth non-hundred-percent-height-scrolling\" style=\"--awb-border-radius-top-left:0px;--awb-border-radius-top-right:0px;--awb-border-radius-bottom-right:0px;--awb-border-radius-bottom-left:0px;--awb-flex-wrap:wrap;\" ><div class=\"fusion-builder-row fusion-row fusion-flex-align-items-flex-start fusion-flex-content-wrap\" style=\"max-width:1331.2px;margin-left: calc(-4% \/ 2 );margin-right: calc(-4% \/ 2 );\"><div class=\"fusion-layout-column fusion_builder_column fusion-builder-column-1 fusion_builder_column_1_1 1_1 fusion-flex-column\" style=\"--awb-bg-size:cover;--awb-width-large:100%;--awb-margin-top-large:0px;--awb-spacing-right-large:1.92%;--awb-margin-bottom-large:20px;--awb-spacing-left-large:1.92%;--awb-width-medium:100%;--awb-order-medium:0;--awb-spacing-right-medium:1.92%;--awb-spacing-left-medium:1.92%;--awb-width-small:100%;--awb-order-small:0;--awb-spacing-right-small:1.92%;--awb-spacing-left-small:1.92%;\"><div class=\"fusion-column-wrapper fusion-column-has-shadow fusion-flex-justify-content-flex-start fusion-content-layout-column\"><div class=\"fusion-text fusion-text-1\"><h1 style=\"text-align: center; --fontSize: 34; line-height: 1.4;\" data-fontsize=\"34\" data-lineheight=\"47.6px\" class=\"fusion-responsive-typography-calculated\">Un cuore che batte da quarant&#8217;anni<\/h1>\n<p style=\"text-align: center;\">Era il 1985 quando CEPI ha iniziato a progettare e costruire sistemi chiavi in mano per lo stoccaggio, il trasporto e il dosaggio delle materie prime.<br \/><span style=\"background-color: rgba(0, 0, 0, 0);\">La nostra \u00e8 stata una storia di creativit\u00e0 e innovazione, design e produzione, durata e rigenerazione. Oggi siamo un cuore pulsante<br \/><\/span><span style=\"background-color: rgba(0, 0, 0, 0);\">di sviluppo tecnologico, cresciuto a livello globale in collaborazione con i marchi leader del settore alimentare.<br \/><\/span><span style=\"background-color: rgba(0, 0, 0, 0);\">Questi 40 anni raccontano la forza, l&#8217;energia e l&#8217;impegno che hanno guidato la nostra crescita insieme a tutti i nostri stakeholder.<br \/><\/span><span style=\"background-color: rgba(0, 0, 0, 0);\">Una crescita orizzontale e partecipata, basata sulla condivisione e sulla diffusione di un impatto positivo: un battito costante, che rigenera e innova,<br \/><\/span><\/p>\n<div style=\"text-align: center;\"><span style=\"background-color: rgba(0, 0, 0, 0); text-align: start;\">valorizzando persone, territori ed economie.<\/span><\/div><\/p>\n<\/div><div class=\"fusion-image-element \" style=\"text-align:center;--awb-margin-top:40px;--awb-margin-bottom:40px;--awb-max-width:700px;--awb-caption-title-font-family:var(--h2_typography-font-family);--awb-caption-title-font-weight:var(--h2_typography-font-weight);--awb-caption-title-font-style:var(--h2_typography-font-style);--awb-caption-title-size:var(--h2_typography-font-size);--awb-caption-title-transform:var(--h2_typography-text-transform);--awb-caption-title-line-height:var(--h2_typography-line-height);--awb-caption-title-letter-spacing:var(--h2_typography-letter-spacing);\"><span class=\" fusion-imageframe imageframe-none imageframe-1 hover-type-none\"><img decoding=\"async\" width=\"3000\" height=\"997\" title=\"40-logo-no-payoff\" src=\"https:\/\/www.cepisilos.com\/wp-content\/uploads\/2025\/04\/40-logo-no-payoff.png\" alt class=\"img-responsive wp-image-20120\" srcset=\"https:\/\/www.cepisilos.com\/wp-content\/uploads\/2025\/04\/40-logo-no-payoff-200x66.png 200w, https:\/\/www.cepisilos.com\/wp-content\/uploads\/2025\/04\/40-logo-no-payoff-400x133.png 400w, https:\/\/www.cepisilos.com\/wp-content\/uploads\/2025\/04\/40-logo-no-payoff-600x199.png 600w, https:\/\/www.cepisilos.com\/wp-content\/uploads\/2025\/04\/40-logo-no-payoff-800x266.png 800w, https:\/\/www.cepisilos.com\/wp-content\/uploads\/2025\/04\/40-logo-no-payoff-1200x399.png 1200w, https:\/\/www.cepisilos.com\/wp-content\/uploads\/2025\/04\/40-logo-no-payoff.png 3000w\" sizes=\"(max-width: 1024px) 100vw, (max-width: 640px) 100vw, 3000px\" \/><\/span><\/div><\/div><\/div><div class=\"fusion-layout-column fusion_builder_column fusion-builder-column-2 fusion_builder_column_1_1 1_1 fusion-flex-column\" style=\"--awb-bg-size:cover;--awb-width-large:100%;--awb-margin-top-large:0px;--awb-spacing-right-large:1.92%;--awb-margin-bottom-large:20px;--awb-spacing-left-large:1.92%;--awb-width-medium:100%;--awb-order-medium:0;--awb-spacing-right-medium:1.92%;--awb-spacing-left-medium:1.92%;--awb-width-small:100%;--awb-order-small:0;--awb-spacing-right-small:1.92%;--awb-spacing-left-small:1.92%;\"><div class=\"fusion-column-wrapper fusion-column-has-shadow fusion-flex-justify-content-flex-start fusion-content-layout-column\"><div class=\"fusion-text fusion-text-2\"><h1 style=\"text-align: center; --fontSize: 34; line-height: 1.4;\" data-fontsize=\"34\" data-lineheight=\"47.6px\" class=\"fusion-responsive-typography-calculated\">Welcome to the beat<\/h1>\n<p style=\"text-align: center; \">Nel 1985 a Forl\u00ec, ai piedi dell\u2019Appennino, dove affondano le radici delle nostre famiglie, prendeva forma un\u2019idea ambiziosa. Prima i Ceccarelli e i Milanesi, poi i Montalti e i Riccardi trasformano la loro esperienza e visione in un\u2019impresa capace di progettare sistemi evoluti per lo stoccaggio, il trasporto e il dosaggio delle materie prime.<br \/><span style=\"background-color: rgba(0, 0, 0, 0);\">Quarant\u2019anni di gestione degli ingredienti, con alla base un progetto industriale fatto esso stesso da ingredienti insostituibili come il valore della partnership umana e professionale, le competenze complementari, l\u2019approccio che unisce solidit\u00e0 tecnica e pensiero aperto. Ogni giorno, ci permettono di connettere punti di vista diversi per creare un percorso unico. Non solo tra i soci, ma con tutte le persone che lavorano con noi a ogni livello.<\/span><\/p>\n<\/div><div style=\"text-align:center;\"><a class=\"fusion-button button-flat fusion-button-default-size button-default fusion-button-default button-1 fusion-button-default-span fusion-button-default-type\" style=\"--button_font_size:24px;--button_margin-bottom:40px;\" target=\"_self\" href=\"https:\/\/www.cepisilos.com\/wp-content\/uploads\/2025\/04\/Brochure_ITA_web.pdf\"><span class=\"fusion-button-text\">SCARICA LA BROCHURE<\/span><\/a><\/div><div class=\"fusion-image-element \" style=\"text-align:center;--awb-margin-top:40px;--awb-margin-bottom:40px;--awb-caption-title-font-family:var(--h2_typography-font-family);--awb-caption-title-font-weight:var(--h2_typography-font-weight);--awb-caption-title-font-style:var(--h2_typography-font-style);--awb-caption-title-size:var(--h2_typography-font-size);--awb-caption-title-transform:var(--h2_typography-text-transform);--awb-caption-title-line-height:var(--h2_typography-line-height);--awb-caption-title-letter-spacing:var(--h2_typography-letter-spacing);\"><span class=\" fusion-imageframe imageframe-none imageframe-2 hover-type-none\"><img decoding=\"async\" width=\"10416\" height=\"2570\" title=\"timeline-it\" src=\"https:\/\/www.cepisilos.com\/wp-content\/uploads\/2025\/05\/timeline-it.png\" alt class=\"img-responsive wp-image-20203\" srcset=\"https:\/\/www.cepisilos.com\/wp-content\/uploads\/2025\/05\/timeline-it-200x49.png 200w, https:\/\/www.cepisilos.com\/wp-content\/uploads\/2025\/05\/timeline-it-400x99.png 400w, https:\/\/www.cepisilos.com\/wp-content\/uploads\/2025\/05\/timeline-it-600x148.png 600w, https:\/\/www.cepisilos.com\/wp-content\/uploads\/2025\/05\/timeline-it-800x197.png 800w, https:\/\/www.cepisilos.com\/wp-content\/uploads\/2025\/05\/timeline-it-1200x296.png 1200w, https:\/\/www.cepisilos.com\/wp-content\/uploads\/2025\/05\/timeline-it.png 10416w\" sizes=\"(max-width: 1024px) 100vw, (max-width: 640px) 100vw, 10416px\" \/><\/span><\/div><\/div><\/div><div class=\"fusion-layout-column fusion_builder_column fusion-builder-column-3 fusion_builder_column_1_1 1_1 fusion-flex-column\" style=\"--awb-bg-size:cover;--awb-width-large:100%;--awb-margin-top-large:0px;--awb-spacing-right-large:1.92%;--awb-margin-bottom-large:20px;--awb-spacing-left-large:1.92%;--awb-width-medium:100%;--awb-order-medium:0;--awb-spacing-right-medium:1.92%;--awb-spacing-left-medium:1.92%;--awb-width-small:100%;--awb-order-small:0;--awb-spacing-right-small:1.92%;--awb-spacing-left-small:1.92%;\"><div class=\"fusion-column-wrapper fusion-column-has-shadow fusion-flex-justify-content-flex-start fusion-content-layout-column\"><div class=\"fusion-separator fusion-full-width-sep\" style=\"align-self: center;margin-left: auto;margin-right: auto;margin-top:50px;margin-bottom:50px;width:100%;\"><div class=\"fusion-separator-border sep-single sep-solid\" style=\"--awb-height:20px;--awb-amount:20px;border-color:#e0dede;border-top-width:1px;\"><\/div><\/div><div class=\"fusion-text fusion-text-3\"><h1 style=\"text-align: center; --fontSize: 34; line-height: 1.4;\" data-fontsize=\"34\" data-lineheight=\"47.6px\" class=\"fusion-responsive-typography-calculated\">I festeggiamenti sono iniziati a IBA&#8230;<\/h1>\n<\/div><div class=\"fusion-video fusion-youtube\" style=\"--awb-max-width:800px;--awb-max-height:450px;--awb-align-self:center;--awb-width:100%;\"><div class=\"video-shortcode\"><div class=\"fluid-width-video-wrapper\" style=\"padding-top:56.25%;\" ><iframe title=\"YouTube video player 1\" src=\"https:\/\/www.youtube.com\/embed\/dnAuwJwzsRY?wmode=transparent&autoplay=0\" width=\"800\" height=\"450\" allowfullscreen allow=\"autoplay; fullscreen\"><\/iframe><\/div><\/div><\/div><div class=\"fusion-text fusion-text-4 fusion-text-no-margin\" style=\"--awb-margin-top:20px;--awb-margin-bottom:20px;\"><p style=\"text-align: center; \">Stiamo ancora pensando alla magica serata trascorsa insieme a IBA, e ci penseremo a lungo. Grazie per essere parte di un battito che parte da lontano e guarda lontano.<\/p>\n<p style=\"text-align: center; \">\u00c8 stato veramente bello stare insieme: una movida che ha espresso esattamente ci\u00f2 che CEPI \u00e8. Incentrata sulla tecnologia e sulle relazioni, equilibrata ma elettrizzante, responsabile e gioiosa. Siamo radicati nella storia ma sempre orientati al futuro.<\/p>\n<p style=\"text-align: center; \">A tutti gli amici, vecchi e nuovi, grazie ancora per il vostro contributo, ciascuno unico e brillante: ognuno di voi \u00e8 stato fondamentale per raggiungere questo traguardo e sar\u00e0 fondamentale per far arrivare CEPI ancora pi\u00f9 in alto.<\/p>\n<p style=\"text-align: center; \"><a href=\"https:\/\/www.cepisilos.com\/it\/cepi-iba-2025-thank-you\/\">Leggi tutto sulla festa!<\/a><\/p>\n<\/div><div class=\"fusion-text fusion-text-5 fusion-text-no-margin\" style=\"--awb-margin-top:00px;\"><h1 style=\"text-align: center; --fontSize: 34; line-height: 1.4;\" data-fontsize=\"34\" data-lineheight=\"47.6px\" class=\"fusion-responsive-typography-calculated\">&#8230; e sono culminati a Forl\u00ec, nella nostra terra<\/h1>\n<\/div><div class=\"fusion-video fusion-youtube\" style=\"--awb-max-width:800px;--awb-max-height:450px;--awb-align-self:center;--awb-width:100%;\"><div class=\"video-shortcode\"><div class=\"fluid-width-video-wrapper\" style=\"padding-top:56.25%;\" ><iframe title=\"YouTube video player 2\" src=\"https:\/\/www.youtube.com\/embed\/PliQuf07k3E?wmode=transparent&autoplay=0\" width=\"800\" height=\"450\" allowfullscreen allow=\"autoplay; fullscreen\"><\/iframe><\/div><\/div><\/div><div class=\"fusion-text fusion-text-6 fusion-text-no-margin\" style=\"--awb-margin-top:20px;--awb-margin-bottom:20px;\"><p style=\"text-align: center; \">WELCOME TO THE BEAT \u2764\ufe0f Romagna Edition: Venerd\u00ec 3 ottobre, nella cornice del BRN Bike Caf\u00e9 &amp; Restaurant di Forlimpopoli, abbiamo festeggiato il nostro quarantesimo anniversario insieme a tutto il personale. Quarant\u2019anni di storia fatta di persone e di relazioni autentiche. E chi poteva esserci al centro di questa serata, se non proprio loro, le persone di CEPI, il cuore pulsante dell\u2019azienda? <span style=\"text-align: start; background-color: rgba(0, 0, 0, 0);\">Un crescendo di emozioni, ricordi e un pizzico di nostalgia per celebrare il percorso che abbiamo condiviso e l\u2019enorme valore del tempo, della passione e del lavoro che ognuno di noi ha dedicato a CEPI.<\/span><\/p>\n<p style=\"text-align: center; \">Durante la serata, tante voci si sono alternate sul palco per ricordare, raccontare e ringraziare. <span style=\"background-color: rgba(0, 0, 0, 0);\">Tra queste, quella di Luca Ceccarelli, Responsabile Ricerca e Sviluppo e membro del CDA, che ha ricordato come la vera ricchezza di questi quarant\u2019anni non siano solo i risultati, ma le persone, aggiungendo che: <\/span><span style=\"background-color: rgba(0, 0, 0, 0);\">\u201cIl tempo \u00e8 una risorsa preziosa. Sapere che cos\u00ec tante persone hanno scelto di dedicarne una parte a CEPI \u2014 con passione, impegno e fiducia \u2014 \u00e8 ci\u00f2 che d\u00e0 valore al nostro percorso. \u00c8 questo che ci rende qualcosa di pi\u00f9 di un semplice posto di lavoro.\u201d<\/span><\/p>\n<p style=\"text-align: center; \">Un pensiero che racchiude il senso pi\u00f9 profondo di questa ricorrenza: un anniversario che celebra non solo la storia di un\u2019azienda, ma quella di una comunit\u00e0.<\/p>\n<p style=\"text-align: center; \">Perch\u00e9 se questi primi quarant\u2019anni sono stati straordinari, i prossimi \u2014 ne siamo certi \u2014 lo saranno ancora di pi\u00f9. <\/p>\n<\/div><div class=\"fusion-separator fusion-full-width-sep\" style=\"align-self: center;margin-left: auto;margin-right: auto;margin-top:50px;margin-bottom:20px;width:100%;\"><div class=\"fusion-separator-border sep-single sep-solid\" style=\"--awb-height:20px;--awb-amount:20px;border-color:#e0dede;border-top-width:1px;\"><\/div><\/div><div class=\"fusion-image-element \" style=\"text-align:center;--awb-margin-top:40px;--awb-margin-bottom:40px;--awb-caption-title-font-family:var(--h2_typography-font-family);--awb-caption-title-font-weight:var(--h2_typography-font-weight);--awb-caption-title-font-style:var(--h2_typography-font-style);--awb-caption-title-size:var(--h2_typography-font-size);--awb-caption-title-transform:var(--h2_typography-text-transform);--awb-caption-title-line-height:var(--h2_typography-line-height);--awb-caption-title-letter-spacing:var(--h2_typography-letter-spacing);\"><span class=\" fusion-imageframe imageframe-none imageframe-3 hover-type-none\"><img decoding=\"async\" width=\"10865\" height=\"1231\" title=\"wordmap-it\" src=\"https:\/\/www.cepisilos.com\/wp-content\/uploads\/2025\/05\/wordmap-it.png\" alt class=\"img-responsive wp-image-20205\" srcset=\"https:\/\/www.cepisilos.com\/wp-content\/uploads\/2025\/05\/wordmap-it-200x23.png 200w, https:\/\/www.cepisilos.com\/wp-content\/uploads\/2025\/05\/wordmap-it-400x45.png 400w, https:\/\/www.cepisilos.com\/wp-content\/uploads\/2025\/05\/wordmap-it-600x68.png 600w, https:\/\/www.cepisilos.com\/wp-content\/uploads\/2025\/05\/wordmap-it-800x91.png 800w, https:\/\/www.cepisilos.com\/wp-content\/uploads\/2025\/05\/wordmap-it-1200x136.png 1200w, https:\/\/www.cepisilos.com\/wp-content\/uploads\/2025\/05\/wordmap-it.png 10865w\" sizes=\"(max-width: 1024px) 100vw, (max-width: 640px) 100vw, 10865px\" \/><\/span><\/div><\/div><\/div><\/div><\/div><\/p>\n","protected":false},"excerpt":{"rendered":"","protected":false},"author":2,"featured_media":0,"parent":0,"menu_order":0,"comment_status":"closed","ping_status":"closed","template":"","meta":{"content-type":"","footnotes":""},"class_list":["post-19301","page","type-page","status-publish","hentry"],"yoast_head":"<!-- This site is optimized with the Yoast SEO plugin v23.8 - https:\/\/yoast.com\/wordpress\/plugins\/seo\/ -->\n<title>The beat has started - Cepi<\/title>\n<meta name=\"robots\" content=\"index, follow, max-snippet:-1, max-image-preview:large, max-video-preview:-1\" \/>\n<link rel=\"canonical\" href=\"https:\/\/www.cepisilos.com\/it\/the-beat-has-started\/\" \/>\n<meta property=\"og:locale\" content=\"it_IT\" \/>\n<meta property=\"og:type\" content=\"article\" \/>\n<meta property=\"og:title\" content=\"The beat has started - Cepi\" \/>\n<meta property=\"og:url\" content=\"https:\/\/www.cepisilos.com\/it\/the-beat-has-started\/\" \/>\n<meta property=\"og:site_name\" content=\"Cepi\" \/>\n<meta property=\"article:modified_time\" content=\"2025-10-22T17:44:36+00:00\" \/>\n<meta name=\"twitter:card\" content=\"summary_large_image\" \/>\n<meta name=\"twitter:label1\" content=\"Tempo di lettura stimato\" \/>\n\t<meta name=\"twitter:data1\" content=\"14 minuti\" \/>\n<script type=\"application\/ld+json\" class=\"yoast-schema-graph\">{\"@context\":\"https:\/\/schema.org\",\"@graph\":[{\"@type\":\"WebPage\",\"@id\":\"https:\/\/www.cepisilos.com\/it\/the-beat-has-started\/\",\"url\":\"https:\/\/www.cepisilos.com\/it\/the-beat-has-started\/\",\"name\":\"The beat has started - Cepi\",\"isPartOf\":{\"@id\":\"https:\/\/www.cepisilos.com\/it\/#website\"},\"datePublished\":\"2024-12-20T11:38:30+00:00\",\"dateModified\":\"2025-10-22T17:44:36+00:00\",\"breadcrumb\":{\"@id\":\"https:\/\/www.cepisilos.com\/it\/the-beat-has-started\/#breadcrumb\"},\"inLanguage\":\"it-IT\",\"potentialAction\":[{\"@type\":\"ReadAction\",\"target\":[\"https:\/\/www.cepisilos.com\/it\/the-beat-has-started\/\"]}]},{\"@type\":\"BreadcrumbList\",\"@id\":\"https:\/\/www.cepisilos.com\/it\/the-beat-has-started\/#breadcrumb\",\"itemListElement\":[{\"@type\":\"ListItem\",\"position\":1,\"name\":\"Home\",\"item\":\"https:\/\/www.cepisilos.com\/it\/\"},{\"@type\":\"ListItem\",\"position\":2,\"name\":\"The beat has started\"}]},{\"@type\":\"WebSite\",\"@id\":\"https:\/\/www.cepisilos.com\/it\/#website\",\"url\":\"https:\/\/www.cepisilos.com\/it\/\",\"name\":\"Cepi Silos Spa\",\"description\":\"Heart of Technology\",\"potentialAction\":[{\"@type\":\"SearchAction\",\"target\":{\"@type\":\"EntryPoint\",\"urlTemplate\":\"https:\/\/www.cepisilos.com\/it\/?s={search_term_string}\"},\"query-input\":{\"@type\":\"PropertyValueSpecification\",\"valueRequired\":true,\"valueName\":\"search_term_string\"}}],\"inLanguage\":\"it-IT\"}]}<\/script>\n<!-- \/ Yoast SEO plugin. -->","yoast_head_json":{"title":"The beat has started - Cepi","robots":{"index":"index","follow":"follow","max-snippet":"max-snippet:-1","max-image-preview":"max-image-preview:large","max-video-preview":"max-video-preview:-1"},"canonical":"https:\/\/www.cepisilos.com\/it\/the-beat-has-started\/","og_locale":"it_IT","og_type":"article","og_title":"The beat has started - Cepi","og_url":"https:\/\/www.cepisilos.com\/it\/the-beat-has-started\/","og_site_name":"Cepi","article_modified_time":"2025-10-22T17:44:36+00:00","twitter_card":"summary_large_image","twitter_misc":{"Tempo di lettura stimato":"14 minuti"},"schema":{"@context":"https:\/\/schema.org","@graph":[{"@type":"WebPage","@id":"https:\/\/www.cepisilos.com\/it\/the-beat-has-started\/","url":"https:\/\/www.cepisilos.com\/it\/the-beat-has-started\/","name":"The beat has started - Cepi","isPartOf":{"@id":"https:\/\/www.cepisilos.com\/it\/#website"},"datePublished":"2024-12-20T11:38:30+00:00","dateModified":"2025-10-22T17:44:36+00:00","breadcrumb":{"@id":"https:\/\/www.cepisilos.com\/it\/the-beat-has-started\/#breadcrumb"},"inLanguage":"it-IT","potentialAction":[{"@type":"ReadAction","target":["https:\/\/www.cepisilos.com\/it\/the-beat-has-started\/"]}]},{"@type":"BreadcrumbList","@id":"https:\/\/www.cepisilos.com\/it\/the-beat-has-started\/#breadcrumb","itemListElement":[{"@type":"ListItem","position":1,"name":"Home","item":"https:\/\/www.cepisilos.com\/it\/"},{"@type":"ListItem","position":2,"name":"The beat has started"}]},{"@type":"WebSite","@id":"https:\/\/www.cepisilos.com\/it\/#website","url":"https:\/\/www.cepisilos.com\/it\/","name":"Cepi Silos Spa","description":"Heart of Technology","potentialAction":[{"@type":"SearchAction","target":{"@type":"EntryPoint","urlTemplate":"https:\/\/www.cepisilos.com\/it\/?s={search_term_string}"},"query-input":{"@type":"PropertyValueSpecification","valueRequired":true,"valueName":"search_term_string"}}],"inLanguage":"it-IT"}]}},"_links":{"self":[{"href":"https:\/\/www.cepisilos.com\/it\/wp-json\/wp\/v2\/pages\/19301"}],"collection":[{"href":"https:\/\/www.cepisilos.com\/it\/wp-json\/wp\/v2\/pages"}],"about":[{"href":"https:\/\/www.cepisilos.com\/it\/wp-json\/wp\/v2\/types\/page"}],"author":[{"embeddable":true,"href":"https:\/\/www.cepisilos.com\/it\/wp-json\/wp\/v2\/users\/2"}],"replies":[{"embeddable":true,"href":"https:\/\/www.cepisilos.com\/it\/wp-json\/wp\/v2\/comments?post=19301"}],"version-history":[{"count":21,"href":"https:\/\/www.cepisilos.com\/it\/wp-json\/wp\/v2\/pages\/19301\/revisions"}],"predecessor-version":[{"id":24038,"href":"https:\/\/www.cepisilos.com\/it\/wp-json\/wp\/v2\/pages\/19301\/revisions\/24038"}],"wp:attachment":[{"href":"https:\/\/www.cepisilos.com\/it\/wp-json\/wp\/v2\/media?parent=19301"}],"curies":[{"name":"wp","href":"https:\/\/api.w.org\/{rel}","templated":true}]}}